{"id":64666,"date":"2026-02-20T11:27:54","date_gmt":"2026-02-20T11:27:54","guid":{"rendered":"https:\/\/www.deporteseli.com\/?product=zapatillas-avaflash"},"modified":"2026-03-07T06:52:50","modified_gmt":"2026-03-07T06:52:50","slug":"zapatillas-avaflash","status":"publish","type":"product","link":"https:\/\/www.deporteseli.com\/?product=zapatillas-avaflash","title":{"rendered":"ZAPATILLAS AVAFLASH"},"content":{"rendered":"<p>Las zapatillas de tenis Avaflash est\u00e1n dise\u00f1adas para la pr\u00f3xima generaci\u00f3n de jugadoras que quieren verse bien y jugar bien. Con una sensaci\u00f3n de ligereza y un paso c\u00f3modo, estas zapatillas ofrecen un ajuste similar al de un guante alrededor del arco y la parte media del pie. La parte superior de malla y las superposiciones de piel sint\u00e9tica proporcionan un aspecto elegante y femenino, mientras que la zona de abrasi\u00f3n del aditudo garantiza la durabilidad durante los partidos intensos.                                                                                                                                                                                                                                                                                                                                                                                                                                                                                                                                                                                                                                                                                                                                                                                                                                                                                                                                                                                                                                        <\/p>\n","protected":false},"excerpt":{"rendered":"<p>ZAPATILLAS AVAFLASH<\/p>\n","protected":false},"featured_media":64675,"template":"","meta":[],"product_brand":[],"product_cat":[371],"product_tag":[18],"class_list":{"0":"post-64666","1":"product","2":"type-product","3":"status-publish","4":"has-post-thumbnail","6":"product_cat-padel_y_tenis_calzado","7":"product_tag-adidas","8":"pa_color-unico","9":"pa_talla-36-5","10":"pa_talla-37-5","11":"pa_talla-145","12":"pa_talla-38-5","13":"pa_talla-39-5","14":"pa_talla-149","15":"pa_talla-40-5","16":"pa_talla-41-5","17":"thunk-woo-product-list","18":"opn-qv-enable","19":"open-woo-hover-","20":"open-single-product-tab-horizontal","21":"open-shadow-","22":"open-shadow-hover-","24":"first","25":"instock","26":"sale","27":"shipping-taxable","28":"purchasable","29":"product-type-variable"},"jetpack_sharing_enabled":true,"_links":{"self":[{"href":"https:\/\/www.deporteseli.com\/index.php?rest_route=\/wp\/v2\/product\/64666","targetHints":{"allow":["GET"]}}],"collection":[{"href":"https:\/\/www.deporteseli.com\/index.php?rest_route=\/wp\/v2\/product"}],"about":[{"href":"https:\/\/www.deporteseli.com\/index.php?rest_route=\/wp\/v2\/types\/product"}],"wp:featuredmedia":[{"embeddable":true,"href":"https:\/\/www.deporteseli.com\/index.php?rest_route=\/wp\/v2\/media\/64675"}],"wp:attachment":[{"href":"https:\/\/www.deporteseli.com\/index.php?rest_route=%2Fwp%2Fv2%2Fmedia&parent=64666"}],"wp:term":[{"taxonomy":"product_brand","embeddable":true,"href":"https:\/\/www.deporteseli.com\/index.php?rest_route=%2Fwp%2Fv2%2Fproduct_brand&post=64666"},{"taxonomy":"product_cat","embeddable":true,"href":"https:\/\/www.deporteseli.com\/index.php?rest_route=%2Fwp%2Fv2%2Fproduct_cat&post=64666"},{"taxonomy":"product_tag","embeddable":true,"href":"https:\/\/www.deporteseli.com\/index.php?rest_route=%2Fwp%2Fv2%2Fproduct_tag&post=64666"}],"curies":[{"name":"wp","href":"https:\/\/api.w.org\/{rel}","templated":true}]}}