{"id":64651,"date":"2026-02-20T11:26:46","date_gmt":"2026-02-20T11:26:46","guid":{"rendered":"https:\/\/www.deporteseli.com\/?product=zapatillas-crazyquick-junior"},"modified":"2026-04-18T04:20:15","modified_gmt":"2026-04-18T04:20:15","slug":"zapatillas-crazyquick-junior","status":"publish","type":"product","link":"https:\/\/www.deporteseli.com\/?product=zapatillas-crazyquick-junior","title":{"rendered":"ZAPATILLAS CRAZYQUICK JUNIOR"},"content":{"rendered":"<p>Las zapatillas de p\u00e1del Crazyquick Kids est\u00e1n dise\u00f1adas para la agilidad y la ligereza de la comodidad. Con un ajuste regular y cierre de cordones, estos zapatos proporcionan un ajuste seguro y c\u00f3modo. La suela de goma duradera ofrece una excelente tracci\u00f3n en todas las superficies de la cancha, lo que las hace perfectas para los atletas j\u00f3venes listos para realizar movimientos r\u00e1pidos y din\u00e1micos.                                                                                                                                                                                                                                                                                                                                                                                                                                                                                                                                                                                                                                                                                                                                                                                                                                                                                                                                                                                                                                        <\/p>\n","protected":false},"excerpt":{"rendered":"<p>ZAPATILLAS CRAZYQUICK JUNIOR<\/p>\n","protected":false},"featured_media":64661,"template":"","meta":[],"product_brand":[],"product_cat":[371],"product_tag":[18],"class_list":{"0":"post-64651","1":"product","2":"type-product","3":"status-publish","4":"has-post-thumbnail","6":"product_cat-padel_y_tenis_calzado","7":"product_tag-adidas","8":"pa_color-unico","9":"pa_talla-135","10":"pa_talla-137","11":"pa_talla-139","12":"pa_talla-35-5","13":"pa_talla-141","14":"pa_talla-36-5","15":"pa_talla-37-5","16":"pa_talla-145","17":"pa_talla-38-5","18":"thunk-woo-product-list","19":"opn-qv-enable","20":"open-woo-hover-","21":"open-single-product-tab-horizontal","22":"open-shadow-","23":"open-shadow-hover-","25":"first","26":"instock","27":"sale","28":"shipping-taxable","29":"purchasable","30":"product-type-variable"},"jetpack_sharing_enabled":true,"_links":{"self":[{"href":"https:\/\/www.deporteseli.com\/index.php?rest_route=\/wp\/v2\/product\/64651","targetHints":{"allow":["GET"]}}],"collection":[{"href":"https:\/\/www.deporteseli.com\/index.php?rest_route=\/wp\/v2\/product"}],"about":[{"href":"https:\/\/www.deporteseli.com\/index.php?rest_route=\/wp\/v2\/types\/product"}],"wp:featuredmedia":[{"embeddable":true,"href":"https:\/\/www.deporteseli.com\/index.php?rest_route=\/wp\/v2\/media\/64661"}],"wp:attachment":[{"href":"https:\/\/www.deporteseli.com\/index.php?rest_route=%2Fwp%2Fv2%2Fmedia&parent=64651"}],"wp:term":[{"taxonomy":"product_brand","embeddable":true,"href":"https:\/\/www.deporteseli.com\/index.php?rest_route=%2Fwp%2Fv2%2Fproduct_brand&post=64651"},{"taxonomy":"product_cat","embeddable":true,"href":"https:\/\/www.deporteseli.com\/index.php?rest_route=%2Fwp%2Fv2%2Fproduct_cat&post=64651"},{"taxonomy":"product_tag","embeddable":true,"href":"https:\/\/www.deporteseli.com\/index.php?rest_route=%2Fwp%2Fv2%2Fproduct_tag&post=64651"}],"curies":[{"name":"wp","href":"https:\/\/api.w.org\/{rel}","templated":true}]}}