{"id":64637,"date":"2026-02-20T11:25:54","date_gmt":"2026-02-20T11:25:54","guid":{"rendered":"https:\/\/www.deporteseli.com\/?product=zapatillas-courtquick-padel"},"modified":"2026-04-07T04:18:27","modified_gmt":"2026-04-07T04:18:27","slug":"zapatillas-courtquick-padel","status":"publish","type":"product","link":"https:\/\/www.deporteseli.com\/?product=zapatillas-courtquick-padel","title":{"rendered":"ZAPATILLAS COURTQUICK PADEL"},"content":{"rendered":"<p>Para dominar en la cancha de p\u00e1del, necesitas rapidez. Por eso, los adidas Courtquick combinan una parte superior textil ligera y la estructura estabilizadora Slingframe para soportar giros y transiciones r\u00e1pidas. Su entresuela Bounce flexible y la amortiguaci\u00f3n Cloudfoam te mantienen siempre al frente. Adem\u00e1s, contiene al menos un 20 % de materiales reciclados, ayudando a reducir desechos y el impacto ambiental.                                                                                                                                                                                                                                                                                                                                                                                                                                                                                                                                                                                                                                                                                                                                                                                                                                                                                                                                                                                                                                        <\/p>\n","protected":false},"excerpt":{"rendered":"<p>ZAPATILLAS COURTQUICK PADEL<\/p>\n","protected":false},"featured_media":64646,"template":"","meta":[],"product_brand":[],"product_cat":[371],"product_tag":[18],"class_list":{"0":"post-64637","1":"product","2":"type-product","3":"status-publish","4":"has-post-thumbnail","6":"product_cat-padel_y_tenis_calzado","7":"product_tag-adidas","8":"pa_color-unico","9":"pa_talla-41-5","10":"pa_talla-153","11":"pa_talla-42-5","12":"pa_talla-43-5","13":"pa_talla-157","14":"pa_talla-44-5","15":"pa_talla-45-5","16":"pa_talla-161","17":"thunk-woo-product-list","18":"opn-qv-enable","19":"open-woo-hover-","20":"open-single-product-tab-horizontal","21":"open-shadow-","22":"open-shadow-hover-","24":"first","25":"instock","26":"sale","27":"shipping-taxable","28":"purchasable","29":"product-type-variable"},"jetpack_sharing_enabled":true,"_links":{"self":[{"href":"https:\/\/www.deporteseli.com\/index.php?rest_route=\/wp\/v2\/product\/64637","targetHints":{"allow":["GET"]}}],"collection":[{"href":"https:\/\/www.deporteseli.com\/index.php?rest_route=\/wp\/v2\/product"}],"about":[{"href":"https:\/\/www.deporteseli.com\/index.php?rest_route=\/wp\/v2\/types\/product"}],"wp:featuredmedia":[{"embeddable":true,"href":"https:\/\/www.deporteseli.com\/index.php?rest_route=\/wp\/v2\/media\/64646"}],"wp:attachment":[{"href":"https:\/\/www.deporteseli.com\/index.php?rest_route=%2Fwp%2Fv2%2Fmedia&parent=64637"}],"wp:term":[{"taxonomy":"product_brand","embeddable":true,"href":"https:\/\/www.deporteseli.com\/index.php?rest_route=%2Fwp%2Fv2%2Fproduct_brand&post=64637"},{"taxonomy":"product_cat","embeddable":true,"href":"https:\/\/www.deporteseli.com\/index.php?rest_route=%2Fwp%2Fv2%2Fproduct_cat&post=64637"},{"taxonomy":"product_tag","embeddable":true,"href":"https:\/\/www.deporteseli.com\/index.php?rest_route=%2Fwp%2Fv2%2Fproduct_tag&post=64637"}],"curies":[{"name":"wp","href":"https:\/\/api.w.org\/{rel}","templated":true}]}}