{"id":64599,"date":"2026-02-20T11:19:11","date_gmt":"2026-02-20T11:19:11","guid":{"rendered":"https:\/\/www.deporteseli.com\/?product=zapatillas-barricade-14-2"},"modified":"2026-04-19T04:17:51","modified_gmt":"2026-04-19T04:17:51","slug":"zapatillas-barricade-14-2","status":"publish","type":"product","link":"https:\/\/www.deporteseli.com\/?product=zapatillas-barricade-14-2","title":{"rendered":"ZAPATILLAS BARRICADE 14"},"content":{"rendered":"<p>Las zapatillas de tenis Barricade 14 son el ep\u00edtome de la excelencia en la cancha, reinventadas para el jugador moderno. Con un chasis liviano y una garra reinventada para mayor estabilidad, estas zapatillas brindan el soporte y la comodidad necesarios para perseguir la grandeza con cada paso. La parte superior de malla garantiza la transpirabilidad, mientras que la tecnolog\u00eda Adidas Lightstrike Pro ofrece un retorno de energ\u00eda constante y una estabilidad ligera. Perfectas para canchas duras, estas zapatillas est\u00e1n dise\u00f1adas para mantenerte c\u00f3modo y concentrado en el juego.                                                                                                                                                                                                                                                                                                                                                                                                                                                                                                                                                                                                                                                                                                                                                                                                                                                                                                                                                                                                                                        <\/p>\n","protected":false},"excerpt":{"rendered":"<p>ZAPATILLAS BARRICADE 14<\/p>\n","protected":false},"featured_media":64608,"template":"","meta":[],"product_brand":[],"product_cat":[371],"product_tag":[18],"class_list":{"0":"post-64599","1":"product","2":"type-product","3":"status-publish","4":"has-post-thumbnail","6":"product_cat-padel_y_tenis_calzado","7":"product_tag-adidas","8":"pa_color-unico","9":"pa_talla-41-5","10":"pa_talla-153","11":"pa_talla-42-5","12":"pa_talla-43-5","13":"pa_talla-157","14":"pa_talla-44-5","15":"pa_talla-45-5","16":"pa_talla-161","17":"thunk-woo-product-list","18":"opn-qv-enable","19":"open-woo-hover-","20":"open-single-product-tab-horizontal","21":"open-shadow-","22":"open-shadow-hover-","24":"first","25":"instock","26":"sale","27":"shipping-taxable","28":"purchasable","29":"product-type-variable"},"jetpack_sharing_enabled":true,"_links":{"self":[{"href":"https:\/\/www.deporteseli.com\/index.php?rest_route=\/wp\/v2\/product\/64599","targetHints":{"allow":["GET"]}}],"collection":[{"href":"https:\/\/www.deporteseli.com\/index.php?rest_route=\/wp\/v2\/product"}],"about":[{"href":"https:\/\/www.deporteseli.com\/index.php?rest_route=\/wp\/v2\/types\/product"}],"wp:featuredmedia":[{"embeddable":true,"href":"https:\/\/www.deporteseli.com\/index.php?rest_route=\/wp\/v2\/media\/64608"}],"wp:attachment":[{"href":"https:\/\/www.deporteseli.com\/index.php?rest_route=%2Fwp%2Fv2%2Fmedia&parent=64599"}],"wp:term":[{"taxonomy":"product_brand","embeddable":true,"href":"https:\/\/www.deporteseli.com\/index.php?rest_route=%2Fwp%2Fv2%2Fproduct_brand&post=64599"},{"taxonomy":"product_cat","embeddable":true,"href":"https:\/\/www.deporteseli.com\/index.php?rest_route=%2Fwp%2Fv2%2Fproduct_cat&post=64599"},{"taxonomy":"product_tag","embeddable":true,"href":"https:\/\/www.deporteseli.com\/index.php?rest_route=%2Fwp%2Fv2%2Fproduct_tag&post=64599"}],"curies":[{"name":"wp","href":"https:\/\/api.w.org\/{rel}","templated":true}]}}