{"id":64478,"date":"2026-02-19T13:07:44","date_gmt":"2026-02-19T13:07:44","guid":{"rendered":"https:\/\/www.deporteseli.com\/?product=zapatilla-head-motion-1-5-junior"},"modified":"2026-04-11T04:18:20","modified_gmt":"2026-04-11T04:18:20","slug":"zapatilla-head-motion-1-5-junior","status":"publish","type":"product","link":"https:\/\/www.deporteseli.com\/?product=zapatilla-head-motion-1-5-junior","title":{"rendered":"ZAPATILLA HEAD MOTION 1.5 JUNIOR"},"content":{"rendered":"<p>Pensadas espec\u00edficamente para los desplazamientos \u00e1giles en la pista, estas zapatillas mejoran y apoyan el juego de los m\u00e1s j\u00f3venes en todas las direcciones. La suela avanzada, creada en colaboraci\u00f3n con el l\u00edder en c\u00e9sped sint\u00e9tico MONDO, permite movimientos r\u00e1pidos, suaves y en 360 grados, dando confianza a los juniors para que jueguen al m\u00e1ximo.    Para mayor confort, la parte superior se ha actualizado con una nueva malla transpirable, una leng\u00fceta acolchada y materiales suaves en toda la zapatilla. La estabilidad se refuerza con la tecnolog\u00eda HEAD Lateral Control y el sistema de cierre con la correa HEAD Lockdown Strap que mantiene el pie bien sujeto. La entresuela acolchada mejora la comodidad, mientras que la tecnolog\u00eda Drift Defense con puntera de TPU aporta durabilidad. El rendimiento innovador se refleja en un dise\u00f1o moderno y premium.  Dise\u00f1adas exclusivamente para p\u00e1del  Nueva malla, leng\u00fceta acolchada y materiales suaves en toda la zapatilla  Entresuela acolchada para mayor confort  Tecnolog\u00eda HEAD Lateral Control para estabilidad  Correa HEAD Lockdown Strap que mantiene el pie bien sujeto  Tecnolog\u00eda Drift Defense con puntera de TPU para mayor durabilidad  Suela avanzada para agarre multidireccional y movimientos r\u00e1pidos  Dise\u00f1o moderno y premium                                                                                                                                                                                                                                                                                                                                                                                                                                                                                                                                                                                                                                                                                                                                                                                                                                                                                                                                                                                                                                        <\/p>\n","protected":false},"excerpt":{"rendered":"<p>ZAPATILLA HEAD MOTION 1.5 JUNIOR<\/p>\n","protected":false},"featured_media":64490,"template":"","meta":[],"product_brand":[],"product_cat":[371],"product_tag":[22],"class_list":{"0":"post-64478","1":"product","2":"type-product","3":"status-publish","4":"has-post-thumbnail","6":"product_cat-padel_y_tenis_calzado","7":"product_tag-head","8":"pa_color-unico","9":"pa_talla-133","10":"pa_talla-135","11":"pa_talla-137","12":"pa_talla-139","13":"pa_talla-141","14":"pa_talla-36-5","15":"pa_talla-143","16":"pa_talla-145","17":"pa_talla-38-5","18":"pa_talla-147","19":"pa_talla-149","20":"thunk-woo-product-list","21":"opn-qv-enable","22":"open-woo-hover-","23":"open-single-product-tab-horizontal","24":"open-shadow-","25":"open-shadow-hover-","27":"first","28":"instock","29":"sale","30":"shipping-taxable","31":"purchasable","32":"product-type-variable"},"jetpack_sharing_enabled":true,"_links":{"self":[{"href":"https:\/\/www.deporteseli.com\/index.php?rest_route=\/wp\/v2\/product\/64478","targetHints":{"allow":["GET"]}}],"collection":[{"href":"https:\/\/www.deporteseli.com\/index.php?rest_route=\/wp\/v2\/product"}],"about":[{"href":"https:\/\/www.deporteseli.com\/index.php?rest_route=\/wp\/v2\/types\/product"}],"wp:featuredmedia":[{"embeddable":true,"href":"https:\/\/www.deporteseli.com\/index.php?rest_route=\/wp\/v2\/media\/64490"}],"wp:attachment":[{"href":"https:\/\/www.deporteseli.com\/index.php?rest_route=%2Fwp%2Fv2%2Fmedia&parent=64478"}],"wp:term":[{"taxonomy":"product_brand","embeddable":true,"href":"https:\/\/www.deporteseli.com\/index.php?rest_route=%2Fwp%2Fv2%2Fproduct_brand&post=64478"},{"taxonomy":"product_cat","embeddable":true,"href":"https:\/\/www.deporteseli.com\/index.php?rest_route=%2Fwp%2Fv2%2Fproduct_cat&post=64478"},{"taxonomy":"product_tag","embeddable":true,"href":"https:\/\/www.deporteseli.com\/index.php?rest_route=%2Fwp%2Fv2%2Fproduct_tag&post=64478"}],"curies":[{"name":"wp","href":"https:\/\/api.w.org\/{rel}","templated":true}]}}