{"id":64472,"date":"2026-02-19T13:07:19","date_gmt":"2026-02-19T13:07:19","guid":{"rendered":"https:\/\/www.deporteseli.com\/?product=zapatilla-head-motion-team-1-5"},"modified":"2026-03-16T11:35:04","modified_gmt":"2026-03-16T11:35:04","slug":"zapatilla-head-motion-team-1-5","status":"publish","type":"product","link":"https:\/\/www.deporteseli.com\/?product=zapatilla-head-motion-team-1-5","title":{"rendered":"ZAPATILLA HEAD MOTION TEAM 1.5"},"content":{"rendered":"<p>Pensadas espec\u00edficamente para los movimientos \u00e1giles y multidireccionales en la pista, estas zapatillas apoyan y mejoran tu juego en todas las direcciones. La suela, desarrollada junto al l\u00edder en c\u00e9sped sint\u00e9tico MONDO, permite desplazamientos r\u00e1pidos, suaves y en 360 grados.    Para mayor confort, la parte superior se ha actualizado con una malla transpirable nueva, una leng\u00fceta acolchada y materiales suaves en toda la zapatilla. Para aumentar la estabilidad, cuentan con una pieza 3D TPU en el mediopi\u00e9, la tecnolog\u00eda HEAD Lateral Control y un sistema de cierre con la correa HEAD Lockdown Strap que sujeta bien el pie. La entresuela acolchada aporta amortiguaci\u00f3n, mientras que la tecnolog\u00eda Drift Defense con puntera de TPU mejora la durabilidad. Innovaci\u00f3n y rendimiento se unen en un dise\u00f1o moderno y premium.  Dise\u00f1adas exclusivamente para p\u00e1del  Nueva malla, leng\u00fceta acolchada y materiales suaves en toda la zapatilla  Entresuela acolchada para mayor confort  Refuerzo 3D TPU en mediopi\u00e9 y tecnolog\u00eda HEAD Lateral Control para estabilidad  Correa HEAD Lockdown Strap para mantener el pie bien sujeto  Tecnolog\u00eda Drift Defense con puntera de TPU para mayor durabilidad  Suela avanzada para agarre multidireccional y movimientos en 360 grados  Dise\u00f1o moderno y premium                                                                                                                                                                                                                                                                                                                                                                                                                                                                                                                                                                                                                                                                                                                                                                                                                                                                                                                                                                                                                                        <\/p>\n","protected":false},"excerpt":{"rendered":"<p>ZAPATILLA HEAD MOTION TEAM 1.5<\/p>\n","protected":false},"featured_media":71194,"template":"","meta":[],"product_brand":[],"product_cat":[371],"product_tag":[22],"class_list":{"0":"post-64472","1":"product","2":"type-product","3":"status-publish","4":"has-post-thumbnail","6":"product_cat-padel_y_tenis_calzado","7":"product_tag-head","8":"pa_color-unico","9":"pa_talla-151","10":"pa_talla-153","11":"pa_talla-42-5","12":"pa_talla-155","13":"pa_talla-157","14":"pa_talla-44-5","15":"pa_talla-161","16":"thunk-woo-product-list","17":"opn-qv-enable","18":"open-woo-hover-","19":"open-single-product-tab-horizontal","20":"open-shadow-","21":"open-shadow-hover-","23":"first","24":"instock","25":"sale","26":"shipping-taxable","27":"purchasable","28":"product-type-variable"},"jetpack_sharing_enabled":true,"_links":{"self":[{"href":"https:\/\/www.deporteseli.com\/index.php?rest_route=\/wp\/v2\/product\/64472","targetHints":{"allow":["GET"]}}],"collection":[{"href":"https:\/\/www.deporteseli.com\/index.php?rest_route=\/wp\/v2\/product"}],"about":[{"href":"https:\/\/www.deporteseli.com\/index.php?rest_route=\/wp\/v2\/types\/product"}],"wp:featuredmedia":[{"embeddable":true,"href":"https:\/\/www.deporteseli.com\/index.php?rest_route=\/wp\/v2\/media\/71194"}],"wp:attachment":[{"href":"https:\/\/www.deporteseli.com\/index.php?rest_route=%2Fwp%2Fv2%2Fmedia&parent=64472"}],"wp:term":[{"taxonomy":"product_brand","embeddable":true,"href":"https:\/\/www.deporteseli.com\/index.php?rest_route=%2Fwp%2Fv2%2Fproduct_brand&post=64472"},{"taxonomy":"product_cat","embeddable":true,"href":"https:\/\/www.deporteseli.com\/index.php?rest_route=%2Fwp%2Fv2%2Fproduct_cat&post=64472"},{"taxonomy":"product_tag","embeddable":true,"href":"https:\/\/www.deporteseli.com\/index.php?rest_route=%2Fwp%2Fv2%2Fproduct_tag&post=64472"}],"curies":[{"name":"wp","href":"https:\/\/api.w.org\/{rel}","templated":true}]}}