{"id":64467,"date":"2026-02-19T13:06:52","date_gmt":"2026-02-19T13:06:52","guid":{"rendered":"https:\/\/www.deporteseli.com\/?product=paletero-head-tour-negro-261306"},"modified":"2026-04-11T04:18:18","modified_gmt":"2026-04-11T04:18:18","slug":"paletero-head-tour-negro-261306","status":"publish","type":"product","link":"https:\/\/www.deporteseli.com\/?product=paletero-head-tour-negro-261306","title":{"rendered":"PALETERO HEAD TOUR NEGRO 261306"},"content":{"rendered":"<p>Descubre el Paletero Head Tour Negro, con capacidad para 9 palas, protecci\u00f3n t\u00e9rmica y dise\u00f1o premium para transportar todo tu equipamiento con estilo.                                                                                                                                                                                                                                                                                                                                                                                                                                                                                                                                                                                                                                                                                                                                                                                                                                                                                                                                                                                                                                        <\/p>\n","protected":false},"excerpt":{"rendered":"<p>PALETERO HEAD TOUR NEGRO 261306<\/p>\n","protected":false},"featured_media":64469,"template":"","meta":[],"product_brand":[],"product_cat":[354],"product_tag":[22],"class_list":{"0":"post-64467","1":"product","2":"type-product","3":"status-publish","4":"has-post-thumbnail","6":"product_cat-padel_y_tenis_paleteros","7":"product_tag-head","8":"pa_color-unico","9":"pa_talla-unica","10":"thunk-woo-product-list","11":"opn-qv-enable","12":"open-woo-hover-","13":"open-single-product-tab-horizontal","14":"open-shadow-","15":"open-shadow-hover-","17":"first","18":"instock","19":"sale","20":"shipping-taxable","21":"purchasable","22":"product-type-variable"},"jetpack_sharing_enabled":true,"_links":{"self":[{"href":"https:\/\/www.deporteseli.com\/index.php?rest_route=\/wp\/v2\/product\/64467","targetHints":{"allow":["GET"]}}],"collection":[{"href":"https:\/\/www.deporteseli.com\/index.php?rest_route=\/wp\/v2\/product"}],"about":[{"href":"https:\/\/www.deporteseli.com\/index.php?rest_route=\/wp\/v2\/types\/product"}],"wp:featuredmedia":[{"embeddable":true,"href":"https:\/\/www.deporteseli.com\/index.php?rest_route=\/wp\/v2\/media\/64469"}],"wp:attachment":[{"href":"https:\/\/www.deporteseli.com\/index.php?rest_route=%2Fwp%2Fv2%2Fmedia&parent=64467"}],"wp:term":[{"taxonomy":"product_brand","embeddable":true,"href":"https:\/\/www.deporteseli.com\/index.php?rest_route=%2Fwp%2Fv2%2Fproduct_brand&post=64467"},{"taxonomy":"product_cat","embeddable":true,"href":"https:\/\/www.deporteseli.com\/index.php?rest_route=%2Fwp%2Fv2%2Fproduct_cat&post=64467"},{"taxonomy":"product_tag","embeddable":true,"href":"https:\/\/www.deporteseli.com\/index.php?rest_route=%2Fwp%2Fv2%2Fproduct_tag&post=64467"}],"curies":[{"name":"wp","href":"https:\/\/api.w.org\/{rel}","templated":true}]}}