{"id":64439,"date":"2026-02-19T13:04:05","date_gmt":"2026-02-19T13:04:05","guid":{"rendered":"https:\/\/www.deporteseli.com\/?product=head-sprint-team-4-0"},"modified":"2026-03-31T04:18:19","modified_gmt":"2026-03-31T04:18:19","slug":"head-sprint-team-4-0","status":"publish","type":"product","link":"https:\/\/www.deporteseli.com\/?product=head-sprint-team-4-0","title":{"rendered":"HEAD SPRINT TEAM 4.0"},"content":{"rendered":"<p>Head Sprint Team 4.0 Clay   Destacando por su ligereza, estas zapatillas est\u00e1n concebidas para ofrecer una experiencia de juego \u00e1gil y c\u00f3moda tanto en pistas de tierra batida como de p\u00e1del.    La suela con un patr\u00f3n de espiga profunda asegura un agarre excepcional, permitiendo deslizamientos controlados y frenadas seguras.    El caucho HyBrasion  garantiza una resistencia superior al desgaste, mientras que la mediasuela de perfil bajo mejora la estabilidad y el contacto con la pista. La parte superior, confeccionada con malla ligera y altamente transpirable, incorpora refuerzos estrat\u00e9gicos que aumentan la durabilidad sin a\u00f1adir peso.    Dise\u00f1adas para jugadores exigentes  Estas zapatillas Head para hombre est\u00e1n dise\u00f1adas para jugadores que valoran la velocidad, los reflejos y la libertad de movimiento. Su ajuste medio proporciona un equilibrio perfecto entre confort y sujeci\u00f3n, haci\u00e9ndolas ideales tanto para entrenamientos frecuentes como para partidos intensos.    Gracias a sus tecnolog\u00edas avanzadas, ofrecen una resistencia al desgaste inigualable.    Beneficios t\u00e9cnicos destacados  Suela de espiga perfecta para tierra batida  Malla ligera y transpirable en la parte superior  Mediasuela de perfil bajo para una estabilidad mejorada  Refuerzos en puntera y lateral para mayor durabilidad  Tecnolog\u00eda Drift Defense para proteger contra la abrasi\u00f3n en zonas clave  Lateral Control para estabilidad en movimientos r\u00e1pidos  Compuesto HyBrasion  que ofrece alta tracci\u00f3n y resistencia                                                                                                                                                                                                                                                                                                                                                                                                                                                                                                                                                                                                                                                                                                                                                                                                                                                                                                                                                                                                                                        <\/p>\n","protected":false},"excerpt":{"rendered":"<p>HEAD SPRINT TEAM 4.0<\/p>\n","protected":false},"featured_media":64448,"template":"","meta":[],"product_brand":[],"product_cat":[371],"product_tag":[22],"class_list":{"0":"post-64439","1":"product","2":"type-product","3":"status-publish","4":"has-post-thumbnail","6":"product_cat-padel_y_tenis_calzado","7":"product_tag-head","8":"pa_color-unico","9":"pa_talla-151","10":"pa_talla-153","11":"pa_talla-42-5","12":"pa_talla-155","13":"pa_talla-157","14":"pa_talla-44-5","15":"pa_talla-159","16":"pa_talla-161","17":"thunk-woo-product-list","18":"opn-qv-enable","19":"open-woo-hover-","20":"open-single-product-tab-horizontal","21":"open-shadow-","22":"open-shadow-hover-","24":"first","25":"instock","26":"sale","27":"shipping-taxable","28":"purchasable","29":"product-type-variable"},"jetpack_sharing_enabled":true,"_links":{"self":[{"href":"https:\/\/www.deporteseli.com\/index.php?rest_route=\/wp\/v2\/product\/64439","targetHints":{"allow":["GET"]}}],"collection":[{"href":"https:\/\/www.deporteseli.com\/index.php?rest_route=\/wp\/v2\/product"}],"about":[{"href":"https:\/\/www.deporteseli.com\/index.php?rest_route=\/wp\/v2\/types\/product"}],"wp:featuredmedia":[{"embeddable":true,"href":"https:\/\/www.deporteseli.com\/index.php?rest_route=\/wp\/v2\/media\/64448"}],"wp:attachment":[{"href":"https:\/\/www.deporteseli.com\/index.php?rest_route=%2Fwp%2Fv2%2Fmedia&parent=64439"}],"wp:term":[{"taxonomy":"product_brand","embeddable":true,"href":"https:\/\/www.deporteseli.com\/index.php?rest_route=%2Fwp%2Fv2%2Fproduct_brand&post=64439"},{"taxonomy":"product_cat","embeddable":true,"href":"https:\/\/www.deporteseli.com\/index.php?rest_route=%2Fwp%2Fv2%2Fproduct_cat&post=64439"},{"taxonomy":"product_tag","embeddable":true,"href":"https:\/\/www.deporteseli.com\/index.php?rest_route=%2Fwp%2Fv2%2Fproduct_tag&post=64439"}],"curies":[{"name":"wp","href":"https:\/\/api.w.org\/{rel}","templated":true}]}}