{"id":64425,"date":"2026-02-19T13:03:27","date_gmt":"2026-02-19T13:03:27","guid":{"rendered":"https:\/\/www.deporteseli.com\/?product=head-sprint-pro-4-0-clay-red-273156"},"modified":"2026-02-19T13:03:37","modified_gmt":"2026-02-19T13:03:37","slug":"head-sprint-pro-4-0-clay-red-273156","status":"publish","type":"product","link":"https:\/\/www.deporteseli.com\/?product=head-sprint-pro-4-0-clay-red-273156","title":{"rendered":"HEAD SPRINT PRO 4.0 CLAY RED 273156"},"content":{"rendered":"<p>Descubre la Head Sprint Pro 4.0 Clay en rojo: r\u00e1pida, c\u00f3moda y con tecnolog\u00eda avanzada. Perfecta para jugadores que buscan lo mejor en cualquier superficie.                                                                                                                                                                                                                                                                                                                                                                                                                                                                                                                                                                                                                                                                                                                                                                                                                                                                                                                                                                                                                                        <\/p>\n","protected":false},"excerpt":{"rendered":"<p>HEAD SPRINT PRO 4.0 CLAY RED 273156<\/p>\n","protected":false},"featured_media":64434,"template":"","meta":[],"product_brand":[],"product_cat":[371],"product_tag":[22],"class_list":{"0":"post-64425","1":"product","2":"type-product","3":"status-publish","4":"has-post-thumbnail","6":"product_cat-padel_y_tenis_calzado","7":"product_tag-head","8":"pa_color-unico","9":"pa_talla-151","10":"pa_talla-153","11":"pa_talla-42-5","12":"pa_talla-155","13":"pa_talla-157","14":"pa_talla-44-5","15":"pa_talla-159","16":"pa_talla-161","17":"thunk-woo-product-list","18":"opn-qv-enable","19":"open-woo-hover-","20":"open-single-product-tab-horizontal","21":"open-shadow-","22":"open-shadow-hover-","24":"first","25":"instock","26":"sale","27":"shipping-taxable","28":"purchasable","29":"product-type-variable"},"jetpack_sharing_enabled":true,"_links":{"self":[{"href":"https:\/\/www.deporteseli.com\/index.php?rest_route=\/wp\/v2\/product\/64425","targetHints":{"allow":["GET"]}}],"collection":[{"href":"https:\/\/www.deporteseli.com\/index.php?rest_route=\/wp\/v2\/product"}],"about":[{"href":"https:\/\/www.deporteseli.com\/index.php?rest_route=\/wp\/v2\/types\/product"}],"wp:featuredmedia":[{"embeddable":true,"href":"https:\/\/www.deporteseli.com\/index.php?rest_route=\/wp\/v2\/media\/64434"}],"wp:attachment":[{"href":"https:\/\/www.deporteseli.com\/index.php?rest_route=%2Fwp%2Fv2%2Fmedia&parent=64425"}],"wp:term":[{"taxonomy":"product_brand","embeddable":true,"href":"https:\/\/www.deporteseli.com\/index.php?rest_route=%2Fwp%2Fv2%2Fproduct_brand&post=64425"},{"taxonomy":"product_cat","embeddable":true,"href":"https:\/\/www.deporteseli.com\/index.php?rest_route=%2Fwp%2Fv2%2Fproduct_cat&post=64425"},{"taxonomy":"product_tag","embeddable":true,"href":"https:\/\/www.deporteseli.com\/index.php?rest_route=%2Fwp%2Fv2%2Fproduct_tag&post=64425"}],"curies":[{"name":"wp","href":"https:\/\/api.w.org\/{rel}","templated":true}]}}