{"id":64415,"date":"2026-02-19T13:01:41","date_gmt":"2026-02-19T13:01:41","guid":{"rendered":"https:\/\/www.deporteseli.com\/?product=short-bullpadel-castiel-azul-sombra"},"modified":"2026-02-19T13:01:47","modified_gmt":"2026-02-19T13:01:47","slug":"short-bullpadel-castiel-azul-sombra","status":"publish","type":"product","link":"https:\/\/www.deporteseli.com\/?product=short-bullpadel-castiel-azul-sombra","title":{"rendered":"SHORT BULLPADEL CASTIEL AZUL SOMBRA"},"content":{"rendered":"<p>Short t\u00e9cnico de la linea Court. Con un largo de 42 cm, tiene cinturilla el\u00e1stica, cordones para ajustar, bolsillos laterales perfectos para guardar pelotas y un suspensor interior.    Cuenta con un dise\u00f1o basado en cortes e inserciones de tejido de rejilla a contraste en los laterales, rematados con piping. Confeccionado en tejido ligero de poli\u00e9ster texturizado y piezas de rejilla de poli\u00e9ster el\u00e1stico que aportan flexibilidad extra a la prensa. Se le aplica la tecnolog\u00eda de secado r\u00e1pido Quickerdry, que utiliza microfilamentos para reducir la humedad y ayudar a la transpiraci\u00f3n.                                                                                                                                                                                                                                                                                                                                                                                                                                                                                                                                                                                                                                                                                                                                                                                                                                                                                                                                                                                                                                        <\/p>\n","protected":false},"excerpt":{"rendered":"<p>SHORT BULLPADEL CASTIEL AZUL SOMBRA<\/p>\n","protected":false},"featured_media":64421,"template":"","meta":[],"product_brand":[],"product_cat":[365],"product_tag":[21],"class_list":{"0":"post-64415","1":"product","2":"type-product","3":"status-publish","4":"has-post-thumbnail","6":"product_cat-padel_y_tenis_textil_shorts","7":"product_tag-bull_padel","8":"pa_color-unico","9":"pa_talla-l","10":"pa_talla-m","11":"pa_talla-s","12":"pa_talla-xl","13":"pa_talla-xxl","14":"thunk-woo-product-list","15":"opn-qv-enable","16":"open-woo-hover-","17":"open-single-product-tab-horizontal","18":"open-shadow-","19":"open-shadow-hover-","21":"first","22":"instock","23":"shipping-taxable","24":"purchasable","25":"product-type-variable"},"jetpack_sharing_enabled":true,"_links":{"self":[{"href":"https:\/\/www.deporteseli.com\/index.php?rest_route=\/wp\/v2\/product\/64415","targetHints":{"allow":["GET"]}}],"collection":[{"href":"https:\/\/www.deporteseli.com\/index.php?rest_route=\/wp\/v2\/product"}],"about":[{"href":"https:\/\/www.deporteseli.com\/index.php?rest_route=\/wp\/v2\/types\/product"}],"wp:featuredmedia":[{"embeddable":true,"href":"https:\/\/www.deporteseli.com\/index.php?rest_route=\/wp\/v2\/media\/64421"}],"wp:attachment":[{"href":"https:\/\/www.deporteseli.com\/index.php?rest_route=%2Fwp%2Fv2%2Fmedia&parent=64415"}],"wp:term":[{"taxonomy":"product_brand","embeddable":true,"href":"https:\/\/www.deporteseli.com\/index.php?rest_route=%2Fwp%2Fv2%2Fproduct_brand&post=64415"},{"taxonomy":"product_cat","embeddable":true,"href":"https:\/\/www.deporteseli.com\/index.php?rest_route=%2Fwp%2Fv2%2Fproduct_cat&post=64415"},{"taxonomy":"product_tag","embeddable":true,"href":"https:\/\/www.deporteseli.com\/index.php?rest_route=%2Fwp%2Fv2%2Fproduct_tag&post=64415"}],"curies":[{"name":"wp","href":"https:\/\/api.w.org\/{rel}","templated":true}]}}