{"id":64405,"date":"2026-02-19T13:01:07","date_gmt":"2026-02-19T13:01:07","guid":{"rendered":"https:\/\/www.deporteseli.com\/?product=short-bullpadel-ceclavin-negro"},"modified":"2026-02-19T13:01:16","modified_gmt":"2026-02-19T13:01:16","slug":"short-bullpadel-ceclavin-negro","status":"publish","type":"product","link":"https:\/\/www.deporteseli.com\/?product=short-bullpadel-ceclavin-negro","title":{"rendered":"SHORT BULLPADEL CECLAVIN NEGRO"},"content":{"rendered":"<p>Short t\u00e9cnico de la l\u00ednea Court que combina comodidad, funcionalidad y estilo para acompa\u00f1arte en cada entrenamiento y partido.    Con un largo de 42 cm, cinturilla el\u00e1stica con cord\u00f3n ajustable, bolsillos laterales y suspensor interior, est\u00e1 pensada para ofrecerte libertad de movimiento y sujeci\u00f3n donde m\u00e1s lo necesitas. Su dise\u00f1o sencillo y f\u00e1cilmente combinable le convierte en una prenda vers\u00e1til que encaja con cualquier look deportivo. Confeccionado en poli\u00e9ster ligero y el\u00e1stico, aporta suavidad, ligereza y comodidad desde el primer uso. Adem\u00e1s, incluye la tecnolog\u00eda Drynamic de secado r\u00e1pido, que gracias a sus microfilamentos reduce la humedad, favorece una mejor transpiraci\u00f3n y te mantiene seco en los entrenamientos y en los partidos m\u00e1s exigentes.    Un short, ligero y preparado para rendir contigo en cada punto.                                                                                                                                                                                                                                                                                                                                                                                                                                                                                                                                                                                                                                                                                                                                                                                                                                                                                                                                                                                                                                        <\/p>\n","protected":false},"excerpt":{"rendered":"<p>SHORT BULLPADEL CECLAVIN NEGRO<\/p>\n","protected":false},"featured_media":64411,"template":"","meta":[],"product_brand":[],"product_cat":[365],"product_tag":[21],"class_list":{"0":"post-64405","1":"product","2":"type-product","3":"status-publish","4":"has-post-thumbnail","6":"product_cat-padel_y_tenis_textil_shorts","7":"product_tag-bull_padel","8":"pa_color-unico","9":"pa_talla-l","10":"pa_talla-m","11":"pa_talla-s","12":"pa_talla-xl","13":"pa_talla-xxl","14":"thunk-woo-product-list","15":"opn-qv-enable","16":"open-woo-hover-","17":"open-single-product-tab-horizontal","18":"open-shadow-","19":"open-shadow-hover-","21":"first","22":"instock","23":"shipping-taxable","24":"purchasable","25":"product-type-variable"},"jetpack_sharing_enabled":true,"_links":{"self":[{"href":"https:\/\/www.deporteseli.com\/index.php?rest_route=\/wp\/v2\/product\/64405","targetHints":{"allow":["GET"]}}],"collection":[{"href":"https:\/\/www.deporteseli.com\/index.php?rest_route=\/wp\/v2\/product"}],"about":[{"href":"https:\/\/www.deporteseli.com\/index.php?rest_route=\/wp\/v2\/types\/product"}],"wp:featuredmedia":[{"embeddable":true,"href":"https:\/\/www.deporteseli.com\/index.php?rest_route=\/wp\/v2\/media\/64411"}],"wp:attachment":[{"href":"https:\/\/www.deporteseli.com\/index.php?rest_route=%2Fwp%2Fv2%2Fmedia&parent=64405"}],"wp:term":[{"taxonomy":"product_brand","embeddable":true,"href":"https:\/\/www.deporteseli.com\/index.php?rest_route=%2Fwp%2Fv2%2Fproduct_brand&post=64405"},{"taxonomy":"product_cat","embeddable":true,"href":"https:\/\/www.deporteseli.com\/index.php?rest_route=%2Fwp%2Fv2%2Fproduct_cat&post=64405"},{"taxonomy":"product_tag","embeddable":true,"href":"https:\/\/www.deporteseli.com\/index.php?rest_route=%2Fwp%2Fv2%2Fproduct_tag&post=64405"}],"curies":[{"name":"wp","href":"https:\/\/api.w.org\/{rel}","templated":true}]}}