{"id":64366,"date":"2026-02-19T12:58:50","date_gmt":"2026-02-19T12:58:50","guid":{"rendered":"https:\/\/www.deporteseli.com\/?product=falda-bullpadel-parele-lila"},"modified":"2026-03-12T05:19:35","modified_gmt":"2026-03-12T05:19:35","slug":"falda-bullpadel-parele-lila","status":"publish","type":"product","link":"https:\/\/www.deporteseli.com\/?product=falda-bullpadel-parele-lila","title":{"rendered":"FALDA BULLPADEL PARELE LILA"},"content":{"rendered":"<p>Falda de la l\u00ednea Padel is my Power, dise\u00f1ada para que juegues con total libertad, comodidad y un estilo que te empodera en la pista.    Su cinturilla de rib con cordones te permite ajustar la prenda a tu medida, mientras que la abertura frontal aporta un extra de movilidad para que nada limite tu juego. La malla interior ofrece una sujeci\u00f3n suave y segura, ideal para entrenamientos y partidos intensos. Confeccionada en punto el\u00e1stico de poli\u00e9ster, se adapta a tus movimientos sin perder su forma. Adem\u00e1s, la tecnolog\u00eda Drynamic acelera el secado, reduce la humedad y favorece la transpiraci\u00f3n gracias a sus microfilamentos, manteni\u00e9ndote fresca y c\u00f3moda durante todo el partido.    Una falda pensada para mujeres que buscan rendimiento, estilo y confianza en cada golpe.                                                                                                                                                                                                                                                                                                                                                                                                                                                                                                                                                                                                                                                                                                                                                                                                                                                                                                                                                                                                                                        <\/p>\n","protected":false},"excerpt":{"rendered":"<p>FALDA BULLPADEL PARELE LILA<\/p>\n","protected":false},"featured_media":64371,"template":"","meta":[],"product_brand":[],"product_cat":[366],"product_tag":[21],"class_list":{"0":"post-64366","1":"product","2":"type-product","3":"status-publish","4":"has-post-thumbnail","6":"product_cat-padel_y_tenis_textil_faldas","7":"product_tag-bull_padel","8":"pa_color-unico","9":"pa_talla-l","10":"pa_talla-m","11":"pa_talla-s","12":"pa_talla-xl","13":"thunk-woo-product-list","14":"opn-qv-enable","15":"open-woo-hover-","16":"open-single-product-tab-horizontal","17":"open-shadow-","18":"open-shadow-hover-","20":"first","21":"instock","22":"shipping-taxable","23":"purchasable","24":"product-type-variable"},"jetpack_sharing_enabled":true,"_links":{"self":[{"href":"https:\/\/www.deporteseli.com\/index.php?rest_route=\/wp\/v2\/product\/64366","targetHints":{"allow":["GET"]}}],"collection":[{"href":"https:\/\/www.deporteseli.com\/index.php?rest_route=\/wp\/v2\/product"}],"about":[{"href":"https:\/\/www.deporteseli.com\/index.php?rest_route=\/wp\/v2\/types\/product"}],"wp:featuredmedia":[{"embeddable":true,"href":"https:\/\/www.deporteseli.com\/index.php?rest_route=\/wp\/v2\/media\/64371"}],"wp:attachment":[{"href":"https:\/\/www.deporteseli.com\/index.php?rest_route=%2Fwp%2Fv2%2Fmedia&parent=64366"}],"wp:term":[{"taxonomy":"product_brand","embeddable":true,"href":"https:\/\/www.deporteseli.com\/index.php?rest_route=%2Fwp%2Fv2%2Fproduct_brand&post=64366"},{"taxonomy":"product_cat","embeddable":true,"href":"https:\/\/www.deporteseli.com\/index.php?rest_route=%2Fwp%2Fv2%2Fproduct_cat&post=64366"},{"taxonomy":"product_tag","embeddable":true,"href":"https:\/\/www.deporteseli.com\/index.php?rest_route=%2Fwp%2Fv2%2Fproduct_tag&post=64366"}],"curies":[{"name":"wp","href":"https:\/\/api.w.org\/{rel}","templated":true}]}}