{"id":64311,"date":"2026-02-19T11:08:24","date_gmt":"2026-02-19T11:08:24","guid":{"rendered":"https:\/\/www.deporteseli.com\/?product=zapatilla-bullpadel-hybrid-fly-26v-blanco"},"modified":"2026-02-19T11:08:38","modified_gmt":"2026-02-19T11:08:38","slug":"zapatilla-bullpadel-hybrid-fly-26v-blanco","status":"publish","type":"product","link":"https:\/\/www.deporteseli.com\/?product=zapatilla-bullpadel-hybrid-fly-26v-blanco","title":{"rendered":"ZAPATILLA BULLPADEL HYBRID FLY 26V BLANCO"},"content":{"rendered":"<p>Pensada para quienes viven la pista a m\u00e1xima velocidad, esta zapatilla forma parte de nuestra l\u00ednea FASTLAB, creada para jugadores que priorizan la agilidad por encima de todo.    Su dise\u00f1o elimina piezas innecesarias para reducir peso y permitir que cada desplazamiento sea m\u00e1s r\u00e1pido, ligero y eficiente, ayud\u00e1ndote a llegar a todas las bolas. La suela mantiene un cl\u00e1sico reinventado: la primera suela h\u00edbrida del mercado, equipada con el punto de giro r\u00e1pido ROTOX y el sistema X-Tra Base, que aporta una estabilidad lateral superior.    Un dise\u00f1o vers\u00e1til y fiable, perfecto para rendir en todo tipo de superficies sint\u00e9ticas.                                                                                                                                                                                                                                                                                                                                                                                                                                                                                                                                                                                                                                                                                                                                                                                                                                                                                                                                                                                                                                        <\/p>\n","protected":false},"excerpt":{"rendered":"<p>ZAPATILLA BULLPADEL HYBRID FLY 26V BLANCO<\/p>\n","protected":false},"featured_media":64320,"template":"","meta":[],"product_brand":[],"product_cat":[371],"product_tag":[21],"class_list":{"0":"post-64311","1":"product","2":"type-product","3":"status-publish","4":"has-post-thumbnail","6":"product_cat-padel_y_tenis_calzado","7":"product_tag-bull_padel","8":"pa_color-unico","9":"pa_talla-151","10":"pa_talla-153","11":"pa_talla-42-5","12":"pa_talla-155","13":"pa_talla-157","14":"pa_talla-44-5","15":"pa_talla-159","16":"pa_talla-161","17":"thunk-woo-product-list","18":"opn-qv-enable","19":"open-woo-hover-","20":"open-single-product-tab-horizontal","21":"open-shadow-","22":"open-shadow-hover-","24":"first","25":"instock","26":"sale","27":"shipping-taxable","28":"purchasable","29":"product-type-variable"},"jetpack_sharing_enabled":true,"_links":{"self":[{"href":"https:\/\/www.deporteseli.com\/index.php?rest_route=\/wp\/v2\/product\/64311","targetHints":{"allow":["GET"]}}],"collection":[{"href":"https:\/\/www.deporteseli.com\/index.php?rest_route=\/wp\/v2\/product"}],"about":[{"href":"https:\/\/www.deporteseli.com\/index.php?rest_route=\/wp\/v2\/types\/product"}],"wp:featuredmedia":[{"embeddable":true,"href":"https:\/\/www.deporteseli.com\/index.php?rest_route=\/wp\/v2\/media\/64320"}],"wp:attachment":[{"href":"https:\/\/www.deporteseli.com\/index.php?rest_route=%2Fwp%2Fv2%2Fmedia&parent=64311"}],"wp:term":[{"taxonomy":"product_brand","embeddable":true,"href":"https:\/\/www.deporteseli.com\/index.php?rest_route=%2Fwp%2Fv2%2Fproduct_brand&post=64311"},{"taxonomy":"product_cat","embeddable":true,"href":"https:\/\/www.deporteseli.com\/index.php?rest_route=%2Fwp%2Fv2%2Fproduct_cat&post=64311"},{"taxonomy":"product_tag","embeddable":true,"href":"https:\/\/www.deporteseli.com\/index.php?rest_route=%2Fwp%2Fv2%2Fproduct_tag&post=64311"}],"curies":[{"name":"wp","href":"https:\/\/api.w.org\/{rel}","templated":true}]}}