{"id":64272,"date":"2026-02-19T09:38:32","date_gmt":"2026-02-19T09:38:32","guid":{"rendered":"https:\/\/www.deporteseli.com\/?product=bomba-de-aire"},"modified":"2026-04-02T04:19:03","modified_gmt":"2026-04-02T04:19:03","slug":"bomba-de-aire","status":"publish","type":"product","link":"https:\/\/www.deporteseli.com\/?product=bomba-de-aire","title":{"rendered":"BOMBA DE AIRE"},"content":{"rendered":"<p>DISFRUTA DEL F\u00daTBOL EN TODO MOMENTO  No canceles el partido por un inoportuno pinchazo. Juegues donde juegues, esta bomba de aire te garantiza el perfecto inflado de tu bal\u00f3n de f\u00fatbol. Presenta un sistema de doble acci\u00f3n que insufla aire tanto al empujar como al tirar del \u00e9mbolo.  Polipropileno  Insufla aire al empujar y al tirar del \u00e9mbolo  Incluye una boquilla de inflado  Incluye una manguera de aire adicional  Color del art\u00edculo: Red \/ White \/ Solar Red  N\u00famero de art\u00edculo: CZ9556                                                                                                                                                                                                                                                                                                                                                                                                                                                                                                                                                                                                                                                                                                                                                                                                                                                                                                                                                                                                                                        <\/p>\n","protected":false},"excerpt":{"rendered":"<p>BOMBA DE AIRE<\/p>\n","protected":false},"featured_media":64275,"template":"","meta":[],"product_brand":[],"product_cat":[413],"product_tag":[18],"class_list":{"0":"post-64272","1":"product","2":"type-product","3":"status-publish","4":"has-post-thumbnail","6":"product_cat-accesorios_infladores","7":"product_tag-adidas","8":"pa_color-unico","9":"pa_talla-unica","10":"thunk-woo-product-list","11":"opn-qv-enable","12":"open-woo-hover-","13":"open-single-product-tab-horizontal","14":"open-shadow-","15":"open-shadow-hover-","17":"first","18":"instock","19":"shipping-taxable","20":"purchasable","21":"product-type-variable"},"jetpack_sharing_enabled":true,"_links":{"self":[{"href":"https:\/\/www.deporteseli.com\/index.php?rest_route=\/wp\/v2\/product\/64272","targetHints":{"allow":["GET"]}}],"collection":[{"href":"https:\/\/www.deporteseli.com\/index.php?rest_route=\/wp\/v2\/product"}],"about":[{"href":"https:\/\/www.deporteseli.com\/index.php?rest_route=\/wp\/v2\/types\/product"}],"wp:featuredmedia":[{"embeddable":true,"href":"https:\/\/www.deporteseli.com\/index.php?rest_route=\/wp\/v2\/media\/64275"}],"wp:attachment":[{"href":"https:\/\/www.deporteseli.com\/index.php?rest_route=%2Fwp%2Fv2%2Fmedia&parent=64272"}],"wp:term":[{"taxonomy":"product_brand","embeddable":true,"href":"https:\/\/www.deporteseli.com\/index.php?rest_route=%2Fwp%2Fv2%2Fproduct_brand&post=64272"},{"taxonomy":"product_cat","embeddable":true,"href":"https:\/\/www.deporteseli.com\/index.php?rest_route=%2Fwp%2Fv2%2Fproduct_cat&post=64272"},{"taxonomy":"product_tag","embeddable":true,"href":"https:\/\/www.deporteseli.com\/index.php?rest_route=%2Fwp%2Fv2%2Fproduct_tag&post=64272"}],"curies":[{"name":"wp","href":"https:\/\/api.w.org\/{rel}","templated":true}]}}