{"id":64151,"date":"2026-02-18T18:02:03","date_gmt":"2026-02-18T18:02:03","guid":{"rendered":"https:\/\/www.deporteseli.com\/?product=paletero-bullpadel-bpp26015-tour-blanco"},"modified":"2026-02-18T18:02:06","modified_gmt":"2026-02-18T18:02:06","slug":"paletero-bullpadel-bpp26015-tour-blanco","status":"publish","type":"product","link":"https:\/\/www.deporteseli.com\/?product=paletero-bullpadel-bpp26015-tour-blanco","title":{"rendered":"PALETERO BULLPADEL BPP26015 TOUR BLANCO"},"content":{"rendered":"<p>El paletero Bulpadel Tour es la elecci\u00f3n perfecta para quienes buscan un dise\u00f1o compacto, funcional y ligero.    Con capacidad media y una distribuci\u00f3n pr\u00e1ctica, te permite llevar todo lo esencial para tus entrenamientos o partidos. Incorpora un amplio compartimento principal para tu equipamiento, un compartimento acolchado con espacio para dos palas, y un bolsillo lateral exterior ideal para tus accesorios m\u00e1s importantes. Su construcci\u00f3n resistente y su dise\u00f1o equilibrado garantizan comodidad y organizaci\u00f3n en todo momento, ofreciendo  la combinaci\u00f3n ideal de ligereza, practicidad y estilo para acompa\u00f1arte en cada partido.                                                                                                                                                                                                                                                                                                                                                                                                                                                                                                                                                                                                                                                                                                                                                                                                                                                                                                                                                                                                                                        <\/p>\n","protected":false},"excerpt":{"rendered":"<p>PALETERO BULLPADEL BPP26015 TOUR BLANCO<\/p>\n","protected":false},"featured_media":64153,"template":"","meta":[],"product_brand":[],"product_cat":[354],"product_tag":[21],"class_list":{"0":"post-64151","1":"product","2":"type-product","3":"status-publish","4":"has-post-thumbnail","6":"product_cat-padel_y_tenis_paleteros","7":"product_tag-bull_padel","8":"pa_color-unico","9":"pa_talla-unica","10":"thunk-woo-product-list","11":"opn-qv-enable","12":"open-woo-hover-","13":"open-single-product-tab-horizontal","14":"open-shadow-","15":"open-shadow-hover-","17":"first","18":"instock","19":"sale","20":"shipping-taxable","21":"purchasable","22":"product-type-variable"},"jetpack_sharing_enabled":true,"_links":{"self":[{"href":"https:\/\/www.deporteseli.com\/index.php?rest_route=\/wp\/v2\/product\/64151","targetHints":{"allow":["GET"]}}],"collection":[{"href":"https:\/\/www.deporteseli.com\/index.php?rest_route=\/wp\/v2\/product"}],"about":[{"href":"https:\/\/www.deporteseli.com\/index.php?rest_route=\/wp\/v2\/types\/product"}],"wp:featuredmedia":[{"embeddable":true,"href":"https:\/\/www.deporteseli.com\/index.php?rest_route=\/wp\/v2\/media\/64153"}],"wp:attachment":[{"href":"https:\/\/www.deporteseli.com\/index.php?rest_route=%2Fwp%2Fv2%2Fmedia&parent=64151"}],"wp:term":[{"taxonomy":"product_brand","embeddable":true,"href":"https:\/\/www.deporteseli.com\/index.php?rest_route=%2Fwp%2Fv2%2Fproduct_brand&post=64151"},{"taxonomy":"product_cat","embeddable":true,"href":"https:\/\/www.deporteseli.com\/index.php?rest_route=%2Fwp%2Fv2%2Fproduct_cat&post=64151"},{"taxonomy":"product_tag","embeddable":true,"href":"https:\/\/www.deporteseli.com\/index.php?rest_route=%2Fwp%2Fv2%2Fproduct_tag&post=64151"}],"curies":[{"name":"wp","href":"https:\/\/api.w.org\/{rel}","templated":true}]}}