{"id":64097,"date":"2026-02-18T17:57:46","date_gmt":"2026-02-18T17:57:46","guid":{"rendered":"https:\/\/www.deporteseli.com\/?product=zapatilla-bullpadel-x-plo-vibram-26v-gris-osc"},"modified":"2026-02-27T05:20:13","modified_gmt":"2026-02-27T05:20:13","slug":"zapatilla-bullpadel-x-plo-vibram-26v-gris-osc","status":"publish","type":"product","link":"https:\/\/www.deporteseli.com\/?product=zapatilla-bullpadel-x-plo-vibram-26v-gris-osc","title":{"rendered":"ZAPATILLA BULLPADEL X-PLO VIBRAM 26V GRIS OSC"},"content":{"rendered":"<p>La zapatilla Xplo Vibram es la zapatilla oficial de Mart\u00edn Di Nenno.    Incorpora una nueva suela desarrollada junto a VIBRAM, dise\u00f1ada para ofrecer el m\u00e1ximo rendimiento en pista. Mantiene el concepto de pat\u00edn h\u00edbrido, pero ahora con un plus de ligereza, ideal para jugadores que buscan mayor velocidad en cada desplazamiento. Su doble altura en la zona de espiga aporta el equilibrio perfecto entre agilidad, tracci\u00f3n y estabilidad.                                                                                                                                                                                                                                                                                                                                                                                                                                                                                                                                                                                                                                                                                                                                                                                                                                                                                                                                                                                                                                        <\/p>\n","protected":false},"excerpt":{"rendered":"<p>ZAPATILLA BULLPADEL X-PLO VIBRAM 26V GRIS OSC<\/p>\n","protected":false},"featured_media":64106,"template":"","meta":[],"product_brand":[],"product_cat":[371],"product_tag":[21],"class_list":{"0":"post-64097","1":"product","2":"type-product","3":"status-publish","4":"has-post-thumbnail","6":"product_cat-padel_y_tenis_calzado","7":"product_tag-bull_padel","8":"pa_color-unico","9":"pa_talla-151","10":"pa_talla-153","11":"pa_talla-42-5","12":"pa_talla-155","13":"pa_talla-157","14":"pa_talla-44-5","15":"pa_talla-159","16":"pa_talla-161","17":"thunk-woo-product-list","18":"opn-qv-enable","19":"open-woo-hover-","20":"open-single-product-tab-horizontal","21":"open-shadow-","22":"open-shadow-hover-","24":"first","25":"instock","26":"sale","27":"shipping-taxable","28":"purchasable","29":"product-type-variable"},"jetpack_sharing_enabled":true,"_links":{"self":[{"href":"https:\/\/www.deporteseli.com\/index.php?rest_route=\/wp\/v2\/product\/64097","targetHints":{"allow":["GET"]}}],"collection":[{"href":"https:\/\/www.deporteseli.com\/index.php?rest_route=\/wp\/v2\/product"}],"about":[{"href":"https:\/\/www.deporteseli.com\/index.php?rest_route=\/wp\/v2\/types\/product"}],"wp:featuredmedia":[{"embeddable":true,"href":"https:\/\/www.deporteseli.com\/index.php?rest_route=\/wp\/v2\/media\/64106"}],"wp:attachment":[{"href":"https:\/\/www.deporteseli.com\/index.php?rest_route=%2Fwp%2Fv2%2Fmedia&parent=64097"}],"wp:term":[{"taxonomy":"product_brand","embeddable":true,"href":"https:\/\/www.deporteseli.com\/index.php?rest_route=%2Fwp%2Fv2%2Fproduct_brand&post=64097"},{"taxonomy":"product_cat","embeddable":true,"href":"https:\/\/www.deporteseli.com\/index.php?rest_route=%2Fwp%2Fv2%2Fproduct_cat&post=64097"},{"taxonomy":"product_tag","embeddable":true,"href":"https:\/\/www.deporteseli.com\/index.php?rest_route=%2Fwp%2Fv2%2Fproduct_tag&post=64097"}],"curies":[{"name":"wp","href":"https:\/\/api.w.org\/{rel}","templated":true}]}}