{"id":64086,"date":"2026-02-18T17:56:27","date_gmt":"2026-02-18T17:56:27","guid":{"rendered":"https:\/\/www.deporteseli.com\/?product=zapatilla-bullpadel-indiga-w-26v-rosa"},"modified":"2026-04-02T04:19:01","modified_gmt":"2026-04-02T04:19:01","slug":"zapatilla-bullpadel-indiga-w-26v-rosa","status":"publish","type":"product","link":"https:\/\/www.deporteseli.com\/?product=zapatilla-bullpadel-indiga-w-26v-rosa","title":{"rendered":"ZAPATILLA BULLPADEL INDIGA W 26V ROSA"},"content":{"rendered":"<p>Este modelo de zapatilla es ideal para jugadoras de nivel iniciaci\u00f3n o intermedio que buscan un calzado flexible, c\u00f3modo y con m\u00e1ximo agarre. Su suela de espiga pura garantiza una tracci\u00f3n excelente en cada movimiento, mientras que el tejido mesh altamente transpirable mantiene el pie fresco y ventilado durante todo el juego.                                                                                                                                                                                                                                                                                                                                                                                                                                                                                                                                                                                                                                                                                                                                                                                                                                                                                                                                                                                                                                        <\/p>\n","protected":false},"excerpt":{"rendered":"<p>ZAPATILLA BULLPADEL INDIGA W 26V ROSA<\/p>\n","protected":false},"featured_media":64093,"template":"","meta":[],"product_brand":[],"product_cat":[371],"product_tag":[21],"class_list":{"0":"post-64086","1":"product","2":"type-product","3":"status-publish","4":"has-post-thumbnail","6":"product_cat-padel_y_tenis_calzado","7":"product_tag-bull_padel","8":"pa_color-unico","9":"pa_talla-141","10":"pa_talla-143","11":"pa_talla-145","12":"pa_talla-147","13":"pa_talla-149","14":"pa_talla-151","15":"thunk-woo-product-list","16":"opn-qv-enable","17":"open-woo-hover-","18":"open-single-product-tab-horizontal","19":"open-shadow-","20":"open-shadow-hover-","22":"first","23":"instock","24":"sale","25":"shipping-taxable","26":"purchasable","27":"product-type-variable"},"jetpack_sharing_enabled":true,"_links":{"self":[{"href":"https:\/\/www.deporteseli.com\/index.php?rest_route=\/wp\/v2\/product\/64086","targetHints":{"allow":["GET"]}}],"collection":[{"href":"https:\/\/www.deporteseli.com\/index.php?rest_route=\/wp\/v2\/product"}],"about":[{"href":"https:\/\/www.deporteseli.com\/index.php?rest_route=\/wp\/v2\/types\/product"}],"wp:featuredmedia":[{"embeddable":true,"href":"https:\/\/www.deporteseli.com\/index.php?rest_route=\/wp\/v2\/media\/64093"}],"wp:attachment":[{"href":"https:\/\/www.deporteseli.com\/index.php?rest_route=%2Fwp%2Fv2%2Fmedia&parent=64086"}],"wp:term":[{"taxonomy":"product_brand","embeddable":true,"href":"https:\/\/www.deporteseli.com\/index.php?rest_route=%2Fwp%2Fv2%2Fproduct_brand&post=64086"},{"taxonomy":"product_cat","embeddable":true,"href":"https:\/\/www.deporteseli.com\/index.php?rest_route=%2Fwp%2Fv2%2Fproduct_cat&post=64086"},{"taxonomy":"product_tag","embeddable":true,"href":"https:\/\/www.deporteseli.com\/index.php?rest_route=%2Fwp%2Fv2%2Fproduct_tag&post=64086"}],"curies":[{"name":"wp","href":"https:\/\/api.w.org\/{rel}","templated":true}]}}