{"id":64042,"date":"2026-02-18T17:54:06","date_gmt":"2026-02-18T17:54:06","guid":{"rendered":"https:\/\/www.deporteseli.com\/?product=camiseta-bullpadel-cheles-ocre-vigore-oxido"},"modified":"2026-02-18T17:54:11","modified_gmt":"2026-02-18T17:54:11","slug":"camiseta-bullpadel-cheles-ocre-vigore-oxido","status":"publish","type":"product","link":"https:\/\/www.deporteseli.com\/?product=camiseta-bullpadel-cheles-ocre-vigore-oxido","title":{"rendered":"CAMISETA BULLPADEL CHELES OCRE VIGORE (OXIDO)"},"content":{"rendered":"<p>Esta camiseta t\u00e9cnica de la l\u00ednea Court est\u00e1 pensada para quienes buscan ligereza, estilo y rendimiento en la pista.    Presenta un cuello a la caja de corte limpio y una sublimaci\u00f3n sutil en el delantero, combinada con detalles reflectantes que realzan su est\u00e9tica deportiva y moderna. Est\u00e1 confeccionada en un tejido de poli\u00e9ster texturizado ultraligero, que ofrece una sensaci\u00f3n fresca y c\u00f3moda en cada movimiento. Adem\u00e1s, incorpora la tecnolog\u00eda Quickerdry de secado r\u00e1pido, que gracias a sus microfilamentos reduce la humedad, acelera la evaporaci\u00f3n del sudor y te mantiene seco incluso en los entrenamientos m\u00e1s duros.    Una prenda dise\u00f1ada para rendir contigo, ligera, transpirable y perfecta para elevar tu juego con estilo.                                                                                                                                                                                                                                                                                                                                                                                                                                                                                                                                                                                                                                                                                                                                                                                                                                                                                                                                                                                                                                        <\/p>\n","protected":false},"excerpt":{"rendered":"<p>CAMISETA BULLPADEL CHELES OCRE VIGORE (OXIDO)<\/p>\n","protected":false},"featured_media":64047,"template":"","meta":[],"product_brand":[],"product_cat":[364],"product_tag":[21],"class_list":{"0":"post-64042","1":"product","2":"type-product","3":"status-publish","4":"has-post-thumbnail","6":"product_cat-padel_y_tenis_textil_camisas","7":"product_tag-bull_padel","8":"pa_color-unico","9":"pa_talla-l","10":"pa_talla-m","11":"pa_talla-s","12":"pa_talla-xl","13":"thunk-woo-product-list","14":"opn-qv-enable","15":"open-woo-hover-","16":"open-single-product-tab-horizontal","17":"open-shadow-","18":"open-shadow-hover-","20":"first","21":"instock","22":"shipping-taxable","23":"purchasable","24":"product-type-variable"},"jetpack_sharing_enabled":true,"_links":{"self":[{"href":"https:\/\/www.deporteseli.com\/index.php?rest_route=\/wp\/v2\/product\/64042","targetHints":{"allow":["GET"]}}],"collection":[{"href":"https:\/\/www.deporteseli.com\/index.php?rest_route=\/wp\/v2\/product"}],"about":[{"href":"https:\/\/www.deporteseli.com\/index.php?rest_route=\/wp\/v2\/types\/product"}],"wp:featuredmedia":[{"embeddable":true,"href":"https:\/\/www.deporteseli.com\/index.php?rest_route=\/wp\/v2\/media\/64047"}],"wp:attachment":[{"href":"https:\/\/www.deporteseli.com\/index.php?rest_route=%2Fwp%2Fv2%2Fmedia&parent=64042"}],"wp:term":[{"taxonomy":"product_brand","embeddable":true,"href":"https:\/\/www.deporteseli.com\/index.php?rest_route=%2Fwp%2Fv2%2Fproduct_brand&post=64042"},{"taxonomy":"product_cat","embeddable":true,"href":"https:\/\/www.deporteseli.com\/index.php?rest_route=%2Fwp%2Fv2%2Fproduct_cat&post=64042"},{"taxonomy":"product_tag","embeddable":true,"href":"https:\/\/www.deporteseli.com\/index.php?rest_route=%2Fwp%2Fv2%2Fproduct_tag&post=64042"}],"curies":[{"name":"wp","href":"https:\/\/api.w.org\/{rel}","templated":true}]}}