{"id":64031,"date":"2026-02-18T17:52:50","date_gmt":"2026-02-18T17:52:50","guid":{"rendered":"https:\/\/www.deporteseli.com\/?product=camiseta-bullpadel-cumbre-blanco"},"modified":"2026-04-14T04:18:34","modified_gmt":"2026-04-14T04:18:34","slug":"camiseta-bullpadel-cumbre-blanco","status":"publish","type":"product","link":"https:\/\/www.deporteseli.com\/?product=camiseta-bullpadel-cumbre-blanco","title":{"rendered":"CAMISETA BULLPADEL CUMBRE BLANCO"},"content":{"rendered":"<p>La camiseta t\u00e9cnica de la l\u00ednea Court est\u00e1 dise\u00f1ada para acompa\u00f1arte con estilo y rendimiento en cada entrenamiento.    Presenta un cuello a la caja con un detalle a contraste en la espalda que a\u00f1ade un toque distintivo, junto a un delantero sublimado y detalles reflectantes que realzan su est\u00e9tica moderna y deportiva. Confeccionada en poli\u00e9ster texturizado, ofrece una sensaci\u00f3n ligera y c\u00f3moda desde el primer uso. Incorpora la tecnolog\u00eda Quickerdry de secado r\u00e1pido, que utiliza microfilamentos para reducir la humedad, favorecer la evaporaci\u00f3n del sudor y mantener tu cuerpo fresco y seco incluso en los momentos de mayor intensidad.    Una camiseta t\u00e9cnica con car\u00e1cter y funcionalidad, perfecta para elevar tu rendimiento y marcar estilo dentro y fuera de la pista.                                                                                                                                                                                                                                                                                                                                                                                                                                                                                                                                                                                                                                                                                                                                                                                                                                                                                                                                                                                                                                        <\/p>\n","protected":false},"excerpt":{"rendered":"<p>CAMISETA BULLPADEL CUMBRE BLANCO<\/p>\n","protected":false},"featured_media":64037,"template":"","meta":[],"product_brand":[],"product_cat":[364],"product_tag":[21],"class_list":{"0":"post-64031","1":"product","2":"type-product","3":"status-publish","4":"has-post-thumbnail","6":"product_cat-padel_y_tenis_textil_camisas","7":"product_tag-bull_padel","8":"pa_color-unico","9":"pa_talla-l","10":"pa_talla-m","11":"pa_talla-s","12":"pa_talla-xl","13":"pa_talla-xxl","14":"thunk-woo-product-list","15":"opn-qv-enable","16":"open-woo-hover-","17":"open-single-product-tab-horizontal","18":"open-shadow-","19":"open-shadow-hover-","21":"first","22":"instock","23":"shipping-taxable","24":"purchasable","25":"product-type-variable"},"jetpack_sharing_enabled":true,"_links":{"self":[{"href":"https:\/\/www.deporteseli.com\/index.php?rest_route=\/wp\/v2\/product\/64031","targetHints":{"allow":["GET"]}}],"collection":[{"href":"https:\/\/www.deporteseli.com\/index.php?rest_route=\/wp\/v2\/product"}],"about":[{"href":"https:\/\/www.deporteseli.com\/index.php?rest_route=\/wp\/v2\/types\/product"}],"wp:featuredmedia":[{"embeddable":true,"href":"https:\/\/www.deporteseli.com\/index.php?rest_route=\/wp\/v2\/media\/64037"}],"wp:attachment":[{"href":"https:\/\/www.deporteseli.com\/index.php?rest_route=%2Fwp%2Fv2%2Fmedia&parent=64031"}],"wp:term":[{"taxonomy":"product_brand","embeddable":true,"href":"https:\/\/www.deporteseli.com\/index.php?rest_route=%2Fwp%2Fv2%2Fproduct_brand&post=64031"},{"taxonomy":"product_cat","embeddable":true,"href":"https:\/\/www.deporteseli.com\/index.php?rest_route=%2Fwp%2Fv2%2Fproduct_cat&post=64031"},{"taxonomy":"product_tag","embeddable":true,"href":"https:\/\/www.deporteseli.com\/index.php?rest_route=%2Fwp%2Fv2%2Fproduct_tag&post=64031"}],"curies":[{"name":"wp","href":"https:\/\/api.w.org\/{rel}","templated":true}]}}