{"id":63996,"date":"2026-02-18T17:24:52","date_gmt":"2026-02-18T17:24:52","guid":{"rendered":"https:\/\/www.deporteseli.com\/?product=short-adidas-kd8578"},"modified":"2026-02-18T17:24:59","modified_gmt":"2026-02-18T17:24:59","slug":"short-adidas-kd8578","status":"publish","type":"product","link":"https:\/\/www.deporteseli.com\/?product=short-adidas-kd8578","title":{"rendered":"SHORT ADIDAS KD8578"},"content":{"rendered":"<p>Shorts totalmente de algod\u00f3n fabricados en parte con una mezcla de materiales reciclados y renovables.  Estos shorts de adidas para ni\u00f1os est\u00e1n hechos para aguantar tus d\u00edas m\u00e1s ajetreados. El tejido de algod\u00f3n es suave y transpirable, tanto para descansar en casa como para salir a explorar. Un logo de 3 barras bordado en la pierna a\u00f1ade un sutil toque deportivo. Estos vers\u00e1tiles shorts tienen un ajuste moderno que no es ni demasiado holgado ni demasiado ajustado, por lo que combinan bien con todo, desde playeras hasta sudaderas con gorro.    Al elegir componentes reciclados, podemos reutilizar materiales ya creados, lo que contribuye a reducir los residuos. Utilizar materiales renovables nos permitir\u00e1 dejar de depender de recursos finitos. En la composici\u00f3n de nuestros productos hechos con materiales reciclados y renovables, hay al menos un 70% de estos materiales.  Corte cl\u00e1sico  Cintura el\u00e1stica  100% algod\u00f3n  Con un m\u00ednimo de 70% de contenido reciclado y renovable  Color del art\u00edculo: Crystal Linen \/ White  N\u00famero de art\u00edculo: KD8578                                                                                                                                                                                                                                                                                                                                                                                                                                                                                                                                                                                                                                                                                                                                                                                                                                                                                                                                                                                                                                        <\/p>\n","protected":false},"excerpt":{"rendered":"<p>SHORT ADIDAS KD8578<\/p>\n","protected":false},"featured_media":64002,"template":"","meta":[],"product_brand":[],"product_cat":[299],"product_tag":[18],"class_list":{"0":"post-63996","1":"product","2":"type-product","3":"status-publish","4":"has-post-thumbnail","6":"product_cat-nino_textil_bermudas","7":"product_tag-adidas","8":"pa_color-unico","9":"pa_talla-t-10","10":"pa_talla-t-12","11":"pa_talla-t-14","12":"pa_talla-t-16","13":"pa_talla-t-8","14":"thunk-woo-product-list","15":"opn-qv-enable","16":"open-woo-hover-","17":"open-single-product-tab-horizontal","18":"open-shadow-","19":"open-shadow-hover-","21":"first","22":"instock","23":"shipping-taxable","24":"purchasable","25":"product-type-variable"},"jetpack_sharing_enabled":true,"_links":{"self":[{"href":"https:\/\/www.deporteseli.com\/index.php?rest_route=\/wp\/v2\/product\/63996","targetHints":{"allow":["GET"]}}],"collection":[{"href":"https:\/\/www.deporteseli.com\/index.php?rest_route=\/wp\/v2\/product"}],"about":[{"href":"https:\/\/www.deporteseli.com\/index.php?rest_route=\/wp\/v2\/types\/product"}],"wp:featuredmedia":[{"embeddable":true,"href":"https:\/\/www.deporteseli.com\/index.php?rest_route=\/wp\/v2\/media\/64002"}],"wp:attachment":[{"href":"https:\/\/www.deporteseli.com\/index.php?rest_route=%2Fwp%2Fv2%2Fmedia&parent=63996"}],"wp:term":[{"taxonomy":"product_brand","embeddable":true,"href":"https:\/\/www.deporteseli.com\/index.php?rest_route=%2Fwp%2Fv2%2Fproduct_brand&post=63996"},{"taxonomy":"product_cat","embeddable":true,"href":"https:\/\/www.deporteseli.com\/index.php?rest_route=%2Fwp%2Fv2%2Fproduct_cat&post=63996"},{"taxonomy":"product_tag","embeddable":true,"href":"https:\/\/www.deporteseli.com\/index.php?rest_route=%2Fwp%2Fv2%2Fproduct_tag&post=63996"}],"curies":[{"name":"wp","href":"https:\/\/api.w.org\/{rel}","templated":true}]}}