{"id":63988,"date":"2026-02-18T17:24:28","date_gmt":"2026-02-18T17:24:28","guid":{"rendered":"https:\/\/www.deporteseli.com\/?product=set-adidas-kd6057"},"modified":"2026-04-22T04:18:15","modified_gmt":"2026-04-22T04:18:15","slug":"set-adidas-kd6057","status":"publish","type":"product","link":"https:\/\/www.deporteseli.com\/?product=set-adidas-kd6057","title":{"rendered":"SET ADIDAS KD6057"},"content":{"rendered":"<p>Descripci\u00f3n  Este conjunto de camiseta y pantal\u00f3n corto adidas para j\u00f3venes incansables se convertir\u00e1 en un imprescindible en tu armario. Ya sea para salir a la calle o relajarte en casa, su tejido de algod\u00f3n suave te garantiza un confort incre\u00edble de la ma\u00f1ana a la noche. El logotipo de adidas en contraste aporta un toque deportivo a todos tus looks. Combinado con tus zapatillas o chanclas favoritas, este conjunto vers\u00e1til es siempre una opci\u00f3n ganadora.  Al elegir materiales reciclados, podemos dar nueva vida a materiales que ya se han utilizado y ayudar a reducir los residuos. La utilizaci\u00f3n de materiales renovables nos ayuda a eliminar nuestra dependencia de los recursos finitos. Nuestros productos fabricados con materiales reciclados y renovables contienen al menos un 70% de estos materiales.                                                                                                                                                                                                                                                                                                                                                                                                                                                                                                                                                                                                                                                                                                                                                                                                                                                                                                                                                                                                                                        <\/p>\n","protected":false},"excerpt":{"rendered":"<p>SET ADIDAS KD6057<\/p>\n","protected":false},"featured_media":63994,"template":"","meta":[],"product_brand":[],"product_cat":[297],"product_tag":[18],"class_list":{"0":"post-63988","1":"product","2":"type-product","3":"status-publish","4":"has-post-thumbnail","6":"product_cat-nino_textil_conjuntos","7":"product_tag-adidas","8":"pa_color-unico","9":"pa_talla-t-10","10":"pa_talla-t-12","11":"pa_talla-t-14","12":"pa_talla-t-16","13":"pa_talla-t-8","14":"thunk-woo-product-list","15":"opn-qv-enable","16":"open-woo-hover-","17":"open-single-product-tab-horizontal","18":"open-shadow-","19":"open-shadow-hover-","21":"first","22":"instock","23":"shipping-taxable","24":"purchasable","25":"product-type-variable"},"jetpack_sharing_enabled":true,"_links":{"self":[{"href":"https:\/\/www.deporteseli.com\/index.php?rest_route=\/wp\/v2\/product\/63988","targetHints":{"allow":["GET"]}}],"collection":[{"href":"https:\/\/www.deporteseli.com\/index.php?rest_route=\/wp\/v2\/product"}],"about":[{"href":"https:\/\/www.deporteseli.com\/index.php?rest_route=\/wp\/v2\/types\/product"}],"wp:featuredmedia":[{"embeddable":true,"href":"https:\/\/www.deporteseli.com\/index.php?rest_route=\/wp\/v2\/media\/63994"}],"wp:attachment":[{"href":"https:\/\/www.deporteseli.com\/index.php?rest_route=%2Fwp%2Fv2%2Fmedia&parent=63988"}],"wp:term":[{"taxonomy":"product_brand","embeddable":true,"href":"https:\/\/www.deporteseli.com\/index.php?rest_route=%2Fwp%2Fv2%2Fproduct_brand&post=63988"},{"taxonomy":"product_cat","embeddable":true,"href":"https:\/\/www.deporteseli.com\/index.php?rest_route=%2Fwp%2Fv2%2Fproduct_cat&post=63988"},{"taxonomy":"product_tag","embeddable":true,"href":"https:\/\/www.deporteseli.com\/index.php?rest_route=%2Fwp%2Fv2%2Fproduct_tag&post=63988"}],"curies":[{"name":"wp","href":"https:\/\/api.w.org\/{rel}","templated":true}]}}