{"id":63943,"date":"2026-02-18T17:21:58","date_gmt":"2026-02-18T17:21:58","guid":{"rendered":"https:\/\/www.deporteseli.com\/?product=camisa-adidas-kb6822"},"modified":"2026-02-18T17:22:04","modified_gmt":"2026-02-18T17:22:04","slug":"camisa-adidas-kb6822","status":"publish","type":"product","link":"https:\/\/www.deporteseli.com\/?product=camisa-adidas-kb6822","title":{"rendered":"CAMISA ADIDAS KB6822"},"content":{"rendered":"<p>Descripci\u00f3n  Alcanza todos tus objetivos de entrenamiento con esta camiseta adidas para j\u00f3venes deportistas. Su corte entallado acompa\u00f1a todos tus movimientos mientras entrenas, calientas o estiras. El tejido interlock ofrece un tacto muy suave. La tecnolog\u00eda CLIMACOOL aleja el sudor de la piel, manteni\u00e9ndola fresca y seca para minimizar las distracciones y optimizar tu rendimiento. Los discretos detalles de adidas en el pecho y las mangas demuestran tu compromiso con el deporte. P\u00f3ntela y marca la diferencia en tu d\u00eda a d\u00eda.  CLIMACOOL te ayuda a gestionar el sudor con materiales que expulsan la humedad r\u00e1pidamente. Sus fibras de secado r\u00e1pido te proporcionan una agradable sensaci\u00f3n de frescura.  Este producto se ha fabricado con un 100% de materiales reciclados. Utilizando materiales reciclados, reducimos los residuos, nuestra dependencia de los recursos finitos y la huella que generan los productos que fabricamos.                                                                                                                                                                                                                                                                                                                                                                                                                                                                                                                                                                                                                                                                                                                                                                                                                                                                                                                                                                                                                                        <\/p>\n","protected":false},"excerpt":{"rendered":"<p>CAMISA ADIDAS KB6822<\/p>\n","protected":false},"featured_media":63948,"template":"","meta":[],"product_brand":[],"product_cat":[376],"product_tag":[18],"class_list":{"0":"post-63943","1":"product","2":"type-product","3":"status-publish","4":"has-post-thumbnail","6":"product_cat-ninas_textil_camisetas","7":"product_tag-adidas","8":"pa_color-unico","9":"pa_talla-t-10","10":"pa_talla-t-12","11":"pa_talla-t-14","12":"pa_talla-t-16","13":"thunk-woo-product-list","14":"opn-qv-enable","15":"open-woo-hover-","16":"open-single-product-tab-horizontal","17":"open-shadow-","18":"open-shadow-hover-","20":"first","21":"instock","22":"shipping-taxable","23":"purchasable","24":"product-type-variable"},"jetpack_sharing_enabled":true,"_links":{"self":[{"href":"https:\/\/www.deporteseli.com\/index.php?rest_route=\/wp\/v2\/product\/63943","targetHints":{"allow":["GET"]}}],"collection":[{"href":"https:\/\/www.deporteseli.com\/index.php?rest_route=\/wp\/v2\/product"}],"about":[{"href":"https:\/\/www.deporteseli.com\/index.php?rest_route=\/wp\/v2\/types\/product"}],"wp:featuredmedia":[{"embeddable":true,"href":"https:\/\/www.deporteseli.com\/index.php?rest_route=\/wp\/v2\/media\/63948"}],"wp:attachment":[{"href":"https:\/\/www.deporteseli.com\/index.php?rest_route=%2Fwp%2Fv2%2Fmedia&parent=63943"}],"wp:term":[{"taxonomy":"product_brand","embeddable":true,"href":"https:\/\/www.deporteseli.com\/index.php?rest_route=%2Fwp%2Fv2%2Fproduct_brand&post=63943"},{"taxonomy":"product_cat","embeddable":true,"href":"https:\/\/www.deporteseli.com\/index.php?rest_route=%2Fwp%2Fv2%2Fproduct_cat&post=63943"},{"taxonomy":"product_tag","embeddable":true,"href":"https:\/\/www.deporteseli.com\/index.php?rest_route=%2Fwp%2Fv2%2Fproduct_tag&post=63943"}],"curies":[{"name":"wp","href":"https:\/\/api.w.org\/{rel}","templated":true}]}}