{"id":63933,"date":"2026-02-18T17:21:36","date_gmt":"2026-02-18T17:21:36","guid":{"rendered":"https:\/\/www.deporteseli.com\/?product=tenis-adidas-ki8861"},"modified":"2026-04-12T04:17:48","modified_gmt":"2026-04-12T04:17:48","slug":"tenis-adidas-ki8861","status":"publish","type":"product","link":"https:\/\/www.deporteseli.com\/?product=tenis-adidas-ki8861","title":{"rendered":"TENIS ADIDAS KI8861"},"content":{"rendered":"<p>Descripci\u00f3n  Ad\u00e9ntrate en el mundo de adidas con la zapatilla Rapid Court infantil, que combina estilo y comodidad. Esta zapatilla, inspirada en la ic\u00f3nica adidas Rivalry, se ha dise\u00f1ado para marcar la diferencia. El dise\u00f1o de ca\u00f1a baja es perfecto para peques que disfrutan jugando y explorando.  Esta zapatilla, confeccionada con piel sint\u00e9tica y refuerzos de ante, ofrece resistencia al desgaste y un aspecto elegante. El cierre autoadherente garantiza un ajuste seguro, y permite a tu peque ponerse y quitarse la zapatilla f\u00e1cilmente. Esta zapatilla presenta una suela de goma cosida que ofrece excelente tracci\u00f3n, para que tu peque pise fuerte con una estabilidad incomparable.  No importa si el plan de tu peque para esta tarde es correr por el parque o por la cancha de baloncesto, la zapatilla infantil Rapid Court le sigue el ritmo en todo momento. Deja que tu peque saque a relucir su lado m\u00e1s aventurero con adidas.                                                                                                                                                                                                                                                                                                                                                                                                                                                                                                                                                                                                                                                                                                                                                                                                                                                                                                                                                                                                                                        <\/p>\n","protected":false},"excerpt":{"rendered":"<p>TENIS ADIDAS KI8861<\/p>\n","protected":false},"featured_media":63942,"template":"","meta":[],"product_brand":[],"product_cat":[310],"product_tag":[18],"class_list":{"0":"post-63933","1":"product","2":"type-product","3":"status-publish","4":"has-post-thumbnail","6":"product_cat-nino_calzado_casual","7":"product_tag-adidas","8":"pa_color-unico","9":"pa_talla-125","10":"pa_talla-127","11":"pa_talla-129","12":"pa_talla-131","13":"pa_talla-133","14":"pa_talla-135","15":"pa_talla-137","16":"pa_talla-139","17":"thunk-woo-product-list","18":"opn-qv-enable","19":"open-woo-hover-","20":"open-single-product-tab-horizontal","21":"open-shadow-","22":"open-shadow-hover-","24":"first","25":"instock","26":"shipping-taxable","27":"purchasable","28":"product-type-variable"},"jetpack_sharing_enabled":true,"_links":{"self":[{"href":"https:\/\/www.deporteseli.com\/index.php?rest_route=\/wp\/v2\/product\/63933","targetHints":{"allow":["GET"]}}],"collection":[{"href":"https:\/\/www.deporteseli.com\/index.php?rest_route=\/wp\/v2\/product"}],"about":[{"href":"https:\/\/www.deporteseli.com\/index.php?rest_route=\/wp\/v2\/types\/product"}],"wp:featuredmedia":[{"embeddable":true,"href":"https:\/\/www.deporteseli.com\/index.php?rest_route=\/wp\/v2\/media\/63942"}],"wp:attachment":[{"href":"https:\/\/www.deporteseli.com\/index.php?rest_route=%2Fwp%2Fv2%2Fmedia&parent=63933"}],"wp:term":[{"taxonomy":"product_brand","embeddable":true,"href":"https:\/\/www.deporteseli.com\/index.php?rest_route=%2Fwp%2Fv2%2Fproduct_brand&post=63933"},{"taxonomy":"product_cat","embeddable":true,"href":"https:\/\/www.deporteseli.com\/index.php?rest_route=%2Fwp%2Fv2%2Fproduct_cat&post=63933"},{"taxonomy":"product_tag","embeddable":true,"href":"https:\/\/www.deporteseli.com\/index.php?rest_route=%2Fwp%2Fv2%2Fproduct_tag&post=63933"}],"curies":[{"name":"wp","href":"https:\/\/api.w.org\/{rel}","templated":true}]}}