{"id":63896,"date":"2026-02-18T17:19:58","date_gmt":"2026-02-18T17:19:58","guid":{"rendered":"https:\/\/www.deporteseli.com\/?product=tenis-adidas-jp5139"},"modified":"2026-03-22T05:19:40","modified_gmt":"2026-03-22T05:19:40","slug":"tenis-adidas-jp5139","status":"publish","type":"product","link":"https:\/\/www.deporteseli.com\/?product=tenis-adidas-jp5139","title":{"rendered":"TENIS ADIDAS JP5139"},"content":{"rendered":"<p>Una c\u00f3moda zapatilla con cordones.  Corre, juega y vuelve a empezar: esta zapatilla adidas para adolescentes no te fallar\u00e1. Su discreto estilo retro se funde con la comodidad de hoy en d\u00eda para no que no te pierdas ni una aventura. La mediasuela Cloudfoam te permite sentir la energ\u00eda en cada pisada, mientras el empeine textil ofrece comodidad y regula la temperatura. Los cordones cl\u00e1sicos te garantizan un ajuste seguro para que desaf\u00edes tus l\u00edmites sin miedo.  Horma cl\u00e1sica  Cierre de cordones  Empeine textil  Forro textil  Mediasuela CLOUDFOAM  Suela de goma  Color del art\u00edculo: Royal Blue \/ Cloud White \/ Dark Blue  N\u00famero de art\u00edculo: JP5139                                                                                                                                                                                                                                                                                                                                                                                                                                                                                                                                                                                                                                                                                                                                                                                                                                                                                                                                                                                                                                        <\/p>\n","protected":false},"excerpt":{"rendered":"<p>TENIS ADIDAS JP5139<\/p>\n","protected":false},"featured_media":63904,"template":"","meta":[],"product_brand":[],"product_cat":[308],"product_tag":[18],"class_list":{"0":"post-63896","1":"product","2":"type-product","3":"status-publish","4":"has-post-thumbnail","6":"product_cat-nino_calzado_running","7":"product_tag-adidas","8":"pa_color-unico","9":"pa_talla-141","10":"pa_talla-36-5","11":"pa_talla-37-5","12":"pa_talla-145","13":"pa_talla-38-5","14":"pa_talla-39-5","15":"pa_talla-149","16":"thunk-woo-product-list","17":"opn-qv-enable","18":"open-woo-hover-","19":"open-single-product-tab-horizontal","20":"open-shadow-","21":"open-shadow-hover-","23":"first","24":"instock","25":"shipping-taxable","26":"purchasable","27":"product-type-variable"},"jetpack_sharing_enabled":true,"_links":{"self":[{"href":"https:\/\/www.deporteseli.com\/index.php?rest_route=\/wp\/v2\/product\/63896","targetHints":{"allow":["GET"]}}],"collection":[{"href":"https:\/\/www.deporteseli.com\/index.php?rest_route=\/wp\/v2\/product"}],"about":[{"href":"https:\/\/www.deporteseli.com\/index.php?rest_route=\/wp\/v2\/types\/product"}],"wp:featuredmedia":[{"embeddable":true,"href":"https:\/\/www.deporteseli.com\/index.php?rest_route=\/wp\/v2\/media\/63904"}],"wp:attachment":[{"href":"https:\/\/www.deporteseli.com\/index.php?rest_route=%2Fwp%2Fv2%2Fmedia&parent=63896"}],"wp:term":[{"taxonomy":"product_brand","embeddable":true,"href":"https:\/\/www.deporteseli.com\/index.php?rest_route=%2Fwp%2Fv2%2Fproduct_brand&post=63896"},{"taxonomy":"product_cat","embeddable":true,"href":"https:\/\/www.deporteseli.com\/index.php?rest_route=%2Fwp%2Fv2%2Fproduct_cat&post=63896"},{"taxonomy":"product_tag","embeddable":true,"href":"https:\/\/www.deporteseli.com\/index.php?rest_route=%2Fwp%2Fv2%2Fproduct_tag&post=63896"}],"curies":[{"name":"wp","href":"https:\/\/api.w.org\/{rel}","templated":true}]}}