{"id":63883,"date":"2026-02-18T17:19:22","date_gmt":"2026-02-18T17:19:22","guid":{"rendered":"https:\/\/www.deporteseli.com\/?product=tenis-adidas-ih6864"},"modified":"2026-02-18T17:19:33","modified_gmt":"2026-02-18T17:19:33","slug":"tenis-adidas-ih6864","status":"publish","type":"product","link":"https:\/\/www.deporteseli.com\/?product=tenis-adidas-ih6864","title":{"rendered":"TENIS ADIDAS IH6864"},"content":{"rendered":"<p>Una zapatilla c\u00f3moda y f\u00e1cil de calzar  Con esta zapatilla adidas para beb\u00e9, tendr\u00e1s a tu peque corriendo y explorando de un lado para otro en un abrir y cerrar de ojos. Presenta un c\u00f3modo cierre autoadherente para calz\u00e1rselas en un santiam\u00e9n. La mediasuela Cloudfoam combinada con amortiguaci\u00f3n de EVA le ofrece un excelente apoyo y comodidad para dar sus primeros pasos.  Horma cl\u00e1sica  Cierre con correa autoadherente  Empeine textil  Forro textil  Mediasuela Cloudfoam  Mediasuela y suela combinadas de EVA  Suela y mediasuela de EVA  Contiene al menos un 20% de material reciclado  Color del art\u00edculo: Dusky Ink \/ Legend Ink \/ Glow Blue  N\u00famero de art\u00edculo: IH6864                                                                                                                                                                                                                                                                                                                                                                                                                                                                                                                                                                                                                                                                                                                                                                                                                                                                                                                                                                                                                                        <\/p>\n","protected":false},"excerpt":{"rendered":"<p>TENIS ADIDAS IH6864<\/p>\n","protected":false},"featured_media":63892,"template":"","meta":[],"product_brand":[],"product_cat":[308],"product_tag":[18],"class_list":{"0":"post-63883","1":"product","2":"type-product","3":"status-publish","4":"has-post-thumbnail","6":"product_cat-nino_calzado_running","7":"product_tag-adidas","8":"pa_color-unico","9":"pa_talla-113","10":"pa_talla-115","11":"pa_talla-117","12":"pa_talla-119","13":"pa_talla-121","14":"pa_talla-123","15":"pa_talla-t-20","16":"pa_talla-t-21","17":"thunk-woo-product-list","18":"opn-qv-enable","19":"open-woo-hover-","20":"open-single-product-tab-horizontal","21":"open-shadow-","22":"open-shadow-hover-","24":"first","25":"instock","26":"shipping-taxable","27":"purchasable","28":"product-type-variable"},"jetpack_sharing_enabled":true,"_links":{"self":[{"href":"https:\/\/www.deporteseli.com\/index.php?rest_route=\/wp\/v2\/product\/63883","targetHints":{"allow":["GET"]}}],"collection":[{"href":"https:\/\/www.deporteseli.com\/index.php?rest_route=\/wp\/v2\/product"}],"about":[{"href":"https:\/\/www.deporteseli.com\/index.php?rest_route=\/wp\/v2\/types\/product"}],"wp:featuredmedia":[{"embeddable":true,"href":"https:\/\/www.deporteseli.com\/index.php?rest_route=\/wp\/v2\/media\/63892"}],"wp:attachment":[{"href":"https:\/\/www.deporteseli.com\/index.php?rest_route=%2Fwp%2Fv2%2Fmedia&parent=63883"}],"wp:term":[{"taxonomy":"product_brand","embeddable":true,"href":"https:\/\/www.deporteseli.com\/index.php?rest_route=%2Fwp%2Fv2%2Fproduct_brand&post=63883"},{"taxonomy":"product_cat","embeddable":true,"href":"https:\/\/www.deporteseli.com\/index.php?rest_route=%2Fwp%2Fv2%2Fproduct_cat&post=63883"},{"taxonomy":"product_tag","embeddable":true,"href":"https:\/\/www.deporteseli.com\/index.php?rest_route=%2Fwp%2Fv2%2Fproduct_tag&post=63883"}],"curies":[{"name":"wp","href":"https:\/\/api.w.org\/{rel}","templated":true}]}}