{"id":63864,"date":"2026-02-18T17:17:52","date_gmt":"2026-02-18T17:17:52","guid":{"rendered":"https:\/\/www.deporteseli.com\/?product=banador-adidas-kb2231"},"modified":"2026-02-19T18:58:39","modified_gmt":"2026-02-19T18:58:39","slug":"banador-adidas-kb2231","status":"publish","type":"product","link":"https:\/\/www.deporteseli.com\/?product=banador-adidas-kb2231","title":{"rendered":"BODY ADIDAS KB2231"},"content":{"rendered":"<p>Descripci\u00f3n  El bodi Future Icons 3 Stripes redefine el equilibrio entre estilo y rendimiento.  Dise\u00f1ado para acompa\u00f1arte en cualquier momento del d\u00eda, te ofrece una sensaci\u00f3n c\u00f3moda y sofisticada.  El tejido de punto de primera calidad aporta una apariencia elegante y una sensaci\u00f3n suave sobre la piel, ideal para llevar durante todo el d\u00eda.  Su corte ajustado perfila la silueta y permite moverte sin distracciones o llevarlo bajo una sudadera en los d\u00edas m\u00e1s frescos.  El distintivo logotipo de las 3 barras de adidas y el dise\u00f1o de 3 bandas a\u00f1aden un toque deportivo que refleja el legado y la innovaci\u00f3n de la marca.  Ideal para ir a entrenar o como capa base para tus conjuntos informales. D\u00e9jate llevar por el optimismo rebelde de adidas y marca estilo con seguridad con esta pieza emblem\u00e1tica.                                                                                                                                                                                                                                                                                                                                                                                                                                                                                                                                                                                                                                                                                                                                                                                                                                                                                                                                                                                                                                        <\/p>\n","protected":false},"excerpt":{"rendered":"<p>BODY ADIDAS KB2231<\/p>\n","protected":false},"featured_media":63869,"template":"","meta":[],"product_brand":[],"product_cat":[269],"product_tag":[18],"class_list":{"0":"post-63864","1":"product","2":"type-product","3":"status-publish","4":"has-post-thumbnail","6":"product_cat-mujer_textil_camisetas","7":"product_tag-adidas","8":"pa_color-unico","9":"pa_talla-l","10":"pa_talla-m","11":"pa_talla-s","12":"pa_talla-xl","13":"thunk-woo-product-list","14":"opn-qv-enable","15":"open-woo-hover-","16":"open-single-product-tab-horizontal","17":"open-shadow-","18":"open-shadow-hover-","20":"first","21":"instock","22":"shipping-taxable","23":"purchasable","24":"product-type-variable"},"jetpack_sharing_enabled":true,"_links":{"self":[{"href":"https:\/\/www.deporteseli.com\/index.php?rest_route=\/wp\/v2\/product\/63864","targetHints":{"allow":["GET"]}}],"collection":[{"href":"https:\/\/www.deporteseli.com\/index.php?rest_route=\/wp\/v2\/product"}],"about":[{"href":"https:\/\/www.deporteseli.com\/index.php?rest_route=\/wp\/v2\/types\/product"}],"wp:featuredmedia":[{"embeddable":true,"href":"https:\/\/www.deporteseli.com\/index.php?rest_route=\/wp\/v2\/media\/63869"}],"wp:attachment":[{"href":"https:\/\/www.deporteseli.com\/index.php?rest_route=%2Fwp%2Fv2%2Fmedia&parent=63864"}],"wp:term":[{"taxonomy":"product_brand","embeddable":true,"href":"https:\/\/www.deporteseli.com\/index.php?rest_route=%2Fwp%2Fv2%2Fproduct_brand&post=63864"},{"taxonomy":"product_cat","embeddable":true,"href":"https:\/\/www.deporteseli.com\/index.php?rest_route=%2Fwp%2Fv2%2Fproduct_cat&post=63864"},{"taxonomy":"product_tag","embeddable":true,"href":"https:\/\/www.deporteseli.com\/index.php?rest_route=%2Fwp%2Fv2%2Fproduct_tag&post=63864"}],"curies":[{"name":"wp","href":"https:\/\/api.w.org\/{rel}","templated":true}]}}