{"id":63858,"date":"2026-02-18T17:17:28","date_gmt":"2026-02-18T17:17:28","guid":{"rendered":"https:\/\/www.deporteseli.com\/?product=zapatillero-adidas-jy7993"},"modified":"2026-02-18T17:17:31","modified_gmt":"2026-02-18T17:17:31","slug":"zapatillero-adidas-jy7993","status":"publish","type":"product","link":"https:\/\/www.deporteseli.com\/?product=zapatillero-adidas-jy7993","title":{"rendered":"ZAPATILLERO ADIDAS JY7993"},"content":{"rendered":"<p>Bolsa de viaje peque\u00f1a para calzado con cierre de cremallera que permite acceder f\u00e1cilmente a tu equipaci\u00f3n.  Presentamos la bolsa para calzado Tiro, dise\u00f1ada para mantener tu equipo organizado y listo para la acci\u00f3n. Tanto si te diriges al entrenamiento como si te preparas para un partido, esta bolsa para zapatillas te ayudar\u00e1 a tener tus botas siempre a mano.    Fabricada con cierre de cremallera y luciendo las 3 bandas de adidas y el logotipo de las 3 barras, esta bolsa ofrece un acceso r\u00e1pido a tu equipaci\u00f3n, para que puedas cogerla y llev\u00e1rtela f\u00e1cilmente. Ideal tanto para equipos como para jugadores individuales, esta bolsa para zapatillas es un testimonio del compromiso de adidas con la calidad y el rendimiento.    \u00danete a las filas de los futbolistas que conf\u00edan en adidas para sus necesidades deportivas. Adopta el esp\u00edritu del juego y lleva tu equipaci\u00f3n con confianza.  Dimensiones: 37 cm x 23 cm  Capacidad: 10,68 L  100% poli\u00e9ster (100% reciclado)  Material de tejido t\u00e9cnico  Cierre de cremallera  Color del art\u00edculo: Black \/ White  N\u00famero de art\u00edculo: JY7993                                                                                                                                                                                                                                                                                                                                                                                                                                                                                                                                                                                                                                                                                                                                                                                                                                                                                                                                                                                                                                        <\/p>\n","protected":false},"excerpt":{"rendered":"<p>ZAPATILLERO ADIDAS JY7993<\/p>\n","protected":false},"featured_media":63860,"template":"","meta":[],"product_brand":[],"product_cat":[321],"product_tag":[18],"class_list":{"0":"post-63858","1":"product","2":"type-product","3":"status-publish","4":"has-post-thumbnail","6":"product_cat-deportes_futbol_zapatilleros","7":"product_tag-adidas","8":"pa_color-unico","9":"pa_talla-unica","10":"thunk-woo-product-list","11":"opn-qv-enable","12":"open-woo-hover-","13":"open-single-product-tab-horizontal","14":"open-shadow-","15":"open-shadow-hover-","17":"first","18":"instock","19":"shipping-taxable","20":"purchasable","21":"product-type-variable"},"jetpack_sharing_enabled":true,"_links":{"self":[{"href":"https:\/\/www.deporteseli.com\/index.php?rest_route=\/wp\/v2\/product\/63858","targetHints":{"allow":["GET"]}}],"collection":[{"href":"https:\/\/www.deporteseli.com\/index.php?rest_route=\/wp\/v2\/product"}],"about":[{"href":"https:\/\/www.deporteseli.com\/index.php?rest_route=\/wp\/v2\/types\/product"}],"wp:featuredmedia":[{"embeddable":true,"href":"https:\/\/www.deporteseli.com\/index.php?rest_route=\/wp\/v2\/media\/63860"}],"wp:attachment":[{"href":"https:\/\/www.deporteseli.com\/index.php?rest_route=%2Fwp%2Fv2%2Fmedia&parent=63858"}],"wp:term":[{"taxonomy":"product_brand","embeddable":true,"href":"https:\/\/www.deporteseli.com\/index.php?rest_route=%2Fwp%2Fv2%2Fproduct_brand&post=63858"},{"taxonomy":"product_cat","embeddable":true,"href":"https:\/\/www.deporteseli.com\/index.php?rest_route=%2Fwp%2Fv2%2Fproduct_cat&post=63858"},{"taxonomy":"product_tag","embeddable":true,"href":"https:\/\/www.deporteseli.com\/index.php?rest_route=%2Fwp%2Fv2%2Fproduct_tag&post=63858"}],"curies":[{"name":"wp","href":"https:\/\/api.w.org\/{rel}","templated":true}]}}