{"id":63839,"date":"2026-02-18T17:16:21","date_gmt":"2026-02-18T17:16:21","guid":{"rendered":"https:\/\/www.deporteseli.com\/?product=tenis-adidas-jf8486"},"modified":"2026-03-15T05:19:40","modified_gmt":"2026-03-15T05:19:40","slug":"tenis-adidas-jf8486","status":"publish","type":"product","link":"https:\/\/www.deporteseli.com\/?product=tenis-adidas-jf8486","title":{"rendered":"TENIS ADIDAS JF8486"},"content":{"rendered":"<p>Descripci\u00f3n  Experimenta la fusi\u00f3n de estilo y sostenibilidad con las zapatillas VL Court Base para hombre. Estas zapatillas de corte regular con cordones son perfectas para un estilo urbano informal o para practicar skate. Fabricadas con materiales reciclados, cuentan con una parte superior sint\u00e9tica y una suela de goma que garantiza durabilidad y agarre. Su dise\u00f1o cl\u00e1sico y limpio de puntera en T se integra a la perfecci\u00f3n con diversos estilos de vida y marca tendencia. Disfruta de comodidad y conciencia ecol\u00f3gica en un solo producto con estas vers\u00e1tiles zapatillas.                                                                                                                                                                                                                                                                                                                                                                                                                                                                                                                                                                                                                                                                                                                                                                                                                                                                                                                                                                                                                                        <\/p>\n","protected":false},"excerpt":{"rendered":"<p>TENIS ADIDAS JF8486<\/p>\n","protected":false},"featured_media":63849,"template":"","meta":[],"product_brand":[],"product_cat":[261],"product_tag":[18],"class_list":{"0":"post-63839","1":"product","2":"type-product","3":"status-publish","4":"has-post-thumbnail","6":"product_cat-hombre_calzado_casual","7":"product_tag-adidas","8":"pa_color-unico","9":"pa_talla-40-5","10":"pa_talla-41-5","11":"pa_talla-153","12":"pa_talla-42-5","13":"pa_talla-43-5","14":"pa_talla-157","15":"pa_talla-44-5","16":"pa_talla-45-5","17":"pa_talla-161","18":"thunk-woo-product-list","19":"opn-qv-enable","20":"open-woo-hover-","21":"open-single-product-tab-horizontal","22":"open-shadow-","23":"open-shadow-hover-","25":"first","26":"instock","27":"shipping-taxable","28":"purchasable","29":"product-type-variable"},"jetpack_sharing_enabled":true,"_links":{"self":[{"href":"https:\/\/www.deporteseli.com\/index.php?rest_route=\/wp\/v2\/product\/63839","targetHints":{"allow":["GET"]}}],"collection":[{"href":"https:\/\/www.deporteseli.com\/index.php?rest_route=\/wp\/v2\/product"}],"about":[{"href":"https:\/\/www.deporteseli.com\/index.php?rest_route=\/wp\/v2\/types\/product"}],"wp:featuredmedia":[{"embeddable":true,"href":"https:\/\/www.deporteseli.com\/index.php?rest_route=\/wp\/v2\/media\/63849"}],"wp:attachment":[{"href":"https:\/\/www.deporteseli.com\/index.php?rest_route=%2Fwp%2Fv2%2Fmedia&parent=63839"}],"wp:term":[{"taxonomy":"product_brand","embeddable":true,"href":"https:\/\/www.deporteseli.com\/index.php?rest_route=%2Fwp%2Fv2%2Fproduct_brand&post=63839"},{"taxonomy":"product_cat","embeddable":true,"href":"https:\/\/www.deporteseli.com\/index.php?rest_route=%2Fwp%2Fv2%2Fproduct_cat&post=63839"},{"taxonomy":"product_tag","embeddable":true,"href":"https:\/\/www.deporteseli.com\/index.php?rest_route=%2Fwp%2Fv2%2Fproduct_tag&post=63839"}],"curies":[{"name":"wp","href":"https:\/\/api.w.org\/{rel}","templated":true}]}}