{"id":63709,"date":"2026-02-16T17:29:35","date_gmt":"2026-02-16T17:29:35","guid":{"rendered":"https:\/\/www.deporteseli.com\/?product=camisa-j-smith-guadalup"},"modified":"2026-04-23T04:18:16","modified_gmt":"2026-04-23T04:18:16","slug":"camisa-j-smith-guadalup","status":"publish","type":"product","link":"https:\/\/www.deporteseli.com\/?product=camisa-j-smith-guadalup","title":{"rendered":"CAMISA J.SMITH GUADALUP"},"content":{"rendered":"<p>Esta camiseta junior de manga corta es perfecta para el d\u00eda a d\u00eda gracias a su dise\u00f1o c\u00f3modo y actual. Cuenta con un cuello a la caja rematado en rib que aporta un ajuste confortable y un acabado cuidado, adem\u00e1s de un gr\u00e1fico posicional en el pecho que le da un toque moderno y juvenil. Est\u00e1 confeccionada en punto ligero de algod\u00f3n, un tejido suave y transpirable que garantiza comodidad durante todo el d\u00eda. Una camiseta vers\u00e1til, c\u00f3moda y con estilo: ideal para el cole, el tiempo libre o para completar un look casual con personalidad.                                                                                                                                                                                                                                                                                                                                                                                                                                                                                                                                                                                                                                                                                                                                                                                                                                                                                                                                                                                                                                        <\/p>\n","protected":false},"excerpt":{"rendered":"<p>CAMISA J.SMITH GUADALUP<\/p>\n","protected":false},"featured_media":63715,"template":"","meta":[],"product_brand":[],"product_cat":[296],"product_tag":[43],"class_list":{"0":"post-63709","1":"product","2":"type-product","3":"status-publish","4":"has-post-thumbnail","6":"product_cat-nino_textil_camisetas","7":"product_tag-jhon_smith","8":"pa_color-unico","9":"pa_talla-t-10","10":"pa_talla-t-12","11":"pa_talla-t-14","12":"pa_talla-t-16","13":"pa_talla-t-8","14":"thunk-woo-product-list","15":"opn-qv-enable","16":"open-woo-hover-","17":"open-single-product-tab-horizontal","18":"open-shadow-","19":"open-shadow-hover-","21":"first","22":"instock","23":"shipping-taxable","24":"purchasable","25":"product-type-variable"},"jetpack_sharing_enabled":true,"_links":{"self":[{"href":"https:\/\/www.deporteseli.com\/index.php?rest_route=\/wp\/v2\/product\/63709","targetHints":{"allow":["GET"]}}],"collection":[{"href":"https:\/\/www.deporteseli.com\/index.php?rest_route=\/wp\/v2\/product"}],"about":[{"href":"https:\/\/www.deporteseli.com\/index.php?rest_route=\/wp\/v2\/types\/product"}],"wp:featuredmedia":[{"embeddable":true,"href":"https:\/\/www.deporteseli.com\/index.php?rest_route=\/wp\/v2\/media\/63715"}],"wp:attachment":[{"href":"https:\/\/www.deporteseli.com\/index.php?rest_route=%2Fwp%2Fv2%2Fmedia&parent=63709"}],"wp:term":[{"taxonomy":"product_brand","embeddable":true,"href":"https:\/\/www.deporteseli.com\/index.php?rest_route=%2Fwp%2Fv2%2Fproduct_brand&post=63709"},{"taxonomy":"product_cat","embeddable":true,"href":"https:\/\/www.deporteseli.com\/index.php?rest_route=%2Fwp%2Fv2%2Fproduct_cat&post=63709"},{"taxonomy":"product_tag","embeddable":true,"href":"https:\/\/www.deporteseli.com\/index.php?rest_route=%2Fwp%2Fv2%2Fproduct_tag&post=63709"}],"curies":[{"name":"wp","href":"https:\/\/api.w.org\/{rel}","templated":true}]}}