{"id":63672,"date":"2026-02-16T17:24:48","date_gmt":"2026-02-16T17:24:48","guid":{"rendered":"https:\/\/www.deporteseli.com\/?product=camisa-j-smith-centenil-2"},"modified":"2026-03-24T05:18:48","modified_gmt":"2026-03-24T05:18:48","slug":"camisa-j-smith-centenil-2","status":"publish","type":"product","link":"https:\/\/www.deporteseli.com\/?product=camisa-j-smith-centenil-2","title":{"rendered":"CAMISA J.SMITH CENTENIL"},"content":{"rendered":"<p>Camiseta de manga corta de estilo actual y f\u00e1cil de combinar, ideal para completar cualquier look casual o deportivo. Cuenta con cuello en rib que garantiza un ajuste c\u00f3modo y resistente al uso, y un gr\u00e1fico estampado en el pecho que aporta personalidad y un toque moderno. Confeccionada en tejido de punto de algod\u00f3n, ofrece una sensaci\u00f3n suave y agradable sobre la piel, asegurando confort durante todo el d\u00eda. Una prenda esencial con car\u00e1cter propio, pensada para quienes valoran la comodidad sin renunciar al dise\u00f1o.                                                                                                                                                                                                                                                                                                                                                                                                                                                                                                                                                                                                                                                                                                                                                                                                                                                                                                                                                                                                                                        <\/p>\n","protected":false},"excerpt":{"rendered":"<p>CAMISA J.SMITH CENTENIL<\/p>\n","protected":false},"featured_media":63701,"template":"","meta":[],"product_brand":[],"product_cat":[245],"product_tag":[43],"class_list":{"0":"post-63672","1":"product","2":"type-product","3":"status-publish","4":"has-post-thumbnail","6":"product_cat-hombre_textil_camisetas","7":"product_tag-jhon_smith","8":"pa_color-unico","9":"pa_talla-l","10":"pa_talla-m","11":"pa_talla-s","12":"pa_talla-xl","13":"pa_talla-xxl","14":"pa_talla-xxxl","15":"thunk-woo-product-list","16":"opn-qv-enable","17":"open-woo-hover-","18":"open-single-product-tab-horizontal","19":"open-shadow-","20":"open-shadow-hover-","22":"first","23":"instock","24":"shipping-taxable","25":"purchasable","26":"product-type-variable"},"jetpack_sharing_enabled":true,"_links":{"self":[{"href":"https:\/\/www.deporteseli.com\/index.php?rest_route=\/wp\/v2\/product\/63672","targetHints":{"allow":["GET"]}}],"collection":[{"href":"https:\/\/www.deporteseli.com\/index.php?rest_route=\/wp\/v2\/product"}],"about":[{"href":"https:\/\/www.deporteseli.com\/index.php?rest_route=\/wp\/v2\/types\/product"}],"wp:featuredmedia":[{"embeddable":true,"href":"https:\/\/www.deporteseli.com\/index.php?rest_route=\/wp\/v2\/media\/63701"}],"wp:attachment":[{"href":"https:\/\/www.deporteseli.com\/index.php?rest_route=%2Fwp%2Fv2%2Fmedia&parent=63672"}],"wp:term":[{"taxonomy":"product_brand","embeddable":true,"href":"https:\/\/www.deporteseli.com\/index.php?rest_route=%2Fwp%2Fv2%2Fproduct_brand&post=63672"},{"taxonomy":"product_cat","embeddable":true,"href":"https:\/\/www.deporteseli.com\/index.php?rest_route=%2Fwp%2Fv2%2Fproduct_cat&post=63672"},{"taxonomy":"product_tag","embeddable":true,"href":"https:\/\/www.deporteseli.com\/index.php?rest_route=%2Fwp%2Fv2%2Fproduct_tag&post=63672"}],"curies":[{"name":"wp","href":"https:\/\/api.w.org\/{rel}","templated":true}]}}