{"id":63636,"date":"2026-02-16T13:21:15","date_gmt":"2026-02-16T13:21:15","guid":{"rendered":"https:\/\/www.deporteseli.com\/?product=gel-challenger-15-padel-l-e"},"modified":"2026-02-24T05:20:02","modified_gmt":"2026-02-24T05:20:02","slug":"gel-challenger-15-padel-l-e","status":"publish","type":"product","link":"https:\/\/www.deporteseli.com\/?product=gel-challenger-15-padel-l-e","title":{"rendered":"GEL-CHALLENGER 15 PADEL L.E."},"content":{"rendered":"<p>La GEL-CHALLENGER 15 PADEL L.E. es una zapatilla de estabilidad c\u00f3moda.    Su parte superior, suave y de gran sujeci\u00f3n, cuenta adem\u00e1s con un cuello m\u00e1s grueso para lograr un ajuste m\u00e1s c\u00f3modo alrededor del pie.    La tecnolog\u00eda WINGWALL en el lateral mejora la estabilidad durante los movimientos laterales. Esta caracter\u00edstica ofrece una buena sujeci\u00f3n, por lo que puedes avanzar hacia la pelota y golpearla con m\u00e1s velocidad.    La suela completa crea una mayor superficie de contacto. Esto contribuye a lograr estabilidad en los aterrizajes y, por lo tanto, a mejorar el confort en general.                                                                                                                                                                                                                                                                                                                                                                                                                                                                                                                                                                                                                                                                                                                                                                                                                                                                                                                                                                                                                                        <\/p>\n","protected":false},"excerpt":{"rendered":"<p>GEL-CHALLENGER 15 PADEL L.E.<\/p>\n","protected":false},"featured_media":63645,"template":"","meta":[],"product_brand":[],"product_cat":[371],"product_tag":[19],"class_list":{"0":"post-63636","1":"product","2":"type-product","3":"status-publish","4":"has-post-thumbnail","6":"product_cat-padel_y_tenis_calzado","7":"product_tag-asics","8":"pa_color-unico","9":"pa_talla-41-5","10":"pa_talla-153","11":"pa_talla-42-5","12":"pa_talla-43-5","13":"pa_talla-157","14":"pa_talla-44-5","15":"pa_talla-159","16":"pa_talla-161","17":"thunk-woo-product-list","18":"opn-qv-enable","19":"open-woo-hover-","20":"open-single-product-tab-horizontal","21":"open-shadow-","22":"open-shadow-hover-","24":"first","25":"instock","26":"sale","27":"shipping-taxable","28":"purchasable","29":"product-type-variable"},"jetpack_sharing_enabled":true,"_links":{"self":[{"href":"https:\/\/www.deporteseli.com\/index.php?rest_route=\/wp\/v2\/product\/63636","targetHints":{"allow":["GET"]}}],"collection":[{"href":"https:\/\/www.deporteseli.com\/index.php?rest_route=\/wp\/v2\/product"}],"about":[{"href":"https:\/\/www.deporteseli.com\/index.php?rest_route=\/wp\/v2\/types\/product"}],"wp:featuredmedia":[{"embeddable":true,"href":"https:\/\/www.deporteseli.com\/index.php?rest_route=\/wp\/v2\/media\/63645"}],"wp:attachment":[{"href":"https:\/\/www.deporteseli.com\/index.php?rest_route=%2Fwp%2Fv2%2Fmedia&parent=63636"}],"wp:term":[{"taxonomy":"product_brand","embeddable":true,"href":"https:\/\/www.deporteseli.com\/index.php?rest_route=%2Fwp%2Fv2%2Fproduct_brand&post=63636"},{"taxonomy":"product_cat","embeddable":true,"href":"https:\/\/www.deporteseli.com\/index.php?rest_route=%2Fwp%2Fv2%2Fproduct_cat&post=63636"},{"taxonomy":"product_tag","embeddable":true,"href":"https:\/\/www.deporteseli.com\/index.php?rest_route=%2Fwp%2Fv2%2Fproduct_tag&post=63636"}],"curies":[{"name":"wp","href":"https:\/\/api.w.org\/{rel}","templated":true}]}}