{"id":63621,"date":"2026-02-16T13:20:07","date_gmt":"2026-02-16T13:20:07","guid":{"rendered":"https:\/\/www.deporteseli.com\/?product=tenis-asics-solution-speed-ff-4-clay"},"modified":"2026-04-21T04:18:11","modified_gmt":"2026-04-21T04:18:11","slug":"tenis-asics-solution-speed-ff-4-clay","status":"publish","type":"product","link":"https:\/\/www.deporteseli.com\/?product=tenis-asics-solution-speed-ff-4-clay","title":{"rendered":"TENIS ASICS SOLUTION SPEED FF 4 CLAY"},"content":{"rendered":"<p>Zapatillas Asics Solution Speed FF 4 Clay White\/Black 2026 estas zapatillas combinan ligereza excepcional con estabilidad estructurada. La tecnolog\u00eda de amortiguaci\u00f3n avanzada de Asics absorbe el impacto en movimientos laterales explosivos, mientras que la suela de tracci\u00f3n optimizada garantiza agarre firme en tierra batida. El dise\u00f1o minimalista en blanco y digital sakura refleja la filosof\u00eda de rendimiento puro: cada gramo cuenta cuando se trata de velocidad y precisi\u00f3n. Ideales para jugadores intermedios y avanzados que demandan respuesta inmediata en cambios de direcci\u00f3n. La construcci\u00f3n duradera soporta sesiones intensas sin comprometer la comodidad, ofreciendo el equilibrio perfecto entre protecci\u00f3n y agilidad que define al calzado t\u00e9cnico de \u00e9lite.                                                                                                                                                                                                                                                                                                                                                                                                                                                                                                                                                                                                                                                                                                                                                                                                                                                                                                                                                                                                                                        <\/p>\n","protected":false},"excerpt":{"rendered":"<p>TENIS ASICS SOLUTION SPEED FF 4 CLAY<\/p>\n","protected":false},"featured_media":63631,"template":"","meta":[],"product_brand":[],"product_cat":[371],"product_tag":[42],"class_list":{"0":"post-63621","1":"product","2":"type-product","3":"status-publish","4":"has-post-thumbnail","6":"product_cat-padel_y_tenis_calzado","7":"product_tag-speedo","8":"pa_color-unico","9":"pa_talla-40-5","10":"pa_talla-41-5","11":"pa_talla-153","12":"pa_talla-42-5","13":"pa_talla-43-5","14":"pa_talla-157","15":"pa_talla-44-5","16":"pa_talla-159","17":"pa_talla-161","18":"thunk-woo-product-list","19":"opn-qv-enable","20":"open-woo-hover-","21":"open-single-product-tab-horizontal","22":"open-shadow-","23":"open-shadow-hover-","25":"first","26":"instock","27":"sale","28":"shipping-taxable","29":"purchasable","30":"product-type-variable"},"jetpack_sharing_enabled":true,"_links":{"self":[{"href":"https:\/\/www.deporteseli.com\/index.php?rest_route=\/wp\/v2\/product\/63621","targetHints":{"allow":["GET"]}}],"collection":[{"href":"https:\/\/www.deporteseli.com\/index.php?rest_route=\/wp\/v2\/product"}],"about":[{"href":"https:\/\/www.deporteseli.com\/index.php?rest_route=\/wp\/v2\/types\/product"}],"wp:featuredmedia":[{"embeddable":true,"href":"https:\/\/www.deporteseli.com\/index.php?rest_route=\/wp\/v2\/media\/63631"}],"wp:attachment":[{"href":"https:\/\/www.deporteseli.com\/index.php?rest_route=%2Fwp%2Fv2%2Fmedia&parent=63621"}],"wp:term":[{"taxonomy":"product_brand","embeddable":true,"href":"https:\/\/www.deporteseli.com\/index.php?rest_route=%2Fwp%2Fv2%2Fproduct_brand&post=63621"},{"taxonomy":"product_cat","embeddable":true,"href":"https:\/\/www.deporteseli.com\/index.php?rest_route=%2Fwp%2Fv2%2Fproduct_cat&post=63621"},{"taxonomy":"product_tag","embeddable":true,"href":"https:\/\/www.deporteseli.com\/index.php?rest_route=%2Fwp%2Fv2%2Fproduct_tag&post=63621"}],"curies":[{"name":"wp","href":"https:\/\/api.w.org\/{rel}","templated":true}]}}