{"id":63598,"date":"2026-02-16T11:58:04","date_gmt":"2026-02-16T11:58:04","guid":{"rendered":"https:\/\/www.deporteseli.com\/?product=pala-nox-ventus-hybrid-12k-lite-26"},"modified":"2026-02-16T11:58:07","modified_gmt":"2026-02-16T11:58:07","slug":"pala-nox-ventus-hybrid-12k-lite-26","status":"publish","type":"product","link":"https:\/\/www.deporteseli.com\/?product=pala-nox-ventus-hybrid-12k-lite-26","title":{"rendered":"PALA NOX VENTUS HYBRID 12K LITE\/26"},"content":{"rendered":"<p>Ligera, precisa y de alto rendimiento, la Nox Ventus Hybrid 12K Lite 2026 es la pala de p\u00e1del ideal para mujeres que buscan un equilibrio perfecto entre potencia y control . Perfecta para jugadoras avanzadas, ofrece una sensaci\u00f3n de estabilidad, gran maniobrabilidad y el elegante dise\u00f1o caracter\u00edstico de Nox.  Caracter\u00edsticas t\u00e9cnicas  Forma: Gota  Material de la placa: Carbono 12K  N\u00facleo: EVA negro multicapa (suave)  Acabado: Rugosidad 3D   arenado  Equilibrio: Medio  Perfil: 38 mm  Peso: 355 \u2013 365 g  Empu\u00f1adura: Empu\u00f1adura personalizada Nox antivibraci\u00f3n  Nivel de juego: Avanzado \/ Profesional  Colecci\u00f3n: 2026 (L\u00ednea femenina)  Rendimiento en el campo  El Nox Ventus Hybrid 12K Lite 2026 est\u00e1 dise\u00f1ado para ofrecer una combinaci\u00f3n ideal de potencia, control y ligereza . Su bajo peso permite una maniobrabilidad superior, ideal para realizar tiros r\u00e1pidos y precisos tanto en defensa como en ataque. Su forma de l\u00e1grima garantiza una gran versatilidad, permitiendo un juego fluido y din\u00e1mico en cualquier situaci\u00f3n.    Materiales y tecnolog\u00edas  Carbono 12K: Estructura s\u00f3lida y reactiva para un impacto potente y estable.  EVA negra multicapa: N\u00facleo multicapa que garantiza comodidad y una excelente salida de bal\u00f3n, reduciendo las vibraciones.  Doble rugosidad: Doble rugosidad 3D   arenado para mejorar el efecto en los tiros y el control t\u00e9cnico.  Custom Grip Nox\u00ae: Mejora el agarre y reduce la fatiga de la mano, aumentando la comodidad y la seguridad.  \u00bfA qui\u00e9n va dirigido?  La Nox Ventus Hybrid 12K Lite est\u00e1 dise\u00f1ada para mujeres de nivel avanzado que buscan una raqueta ligera y vers\u00e1til. Es la opci\u00f3n perfecta para quienes buscan precisi\u00f3n, velocidad y estabilidad durante los intercambios intensos, manteniendo el m\u00e1ximo control.    Por qu\u00e9 te gustar\u00e1 esta raqueta  Esta raqueta combina un dise\u00f1o elegante, tecnolog\u00edas de vanguardia y materiales de primera calidad. Su acabado de doble textura mejora tu juego con efectos, mientras que su construcci\u00f3n en carbono 12K garantiza resistencia y durabilidad. Si buscas una raqueta que combine alto rendimiento y comodidad , la Nox Ventus Hybrid 12K Lite 2026 es la opci\u00f3n ideal.                                                                                                                                                                                                                                                                                                                                                                                                                                                                                                                                                                                                                                                                                                                                                                                                                                                                                                                                                                                                                                        <\/p>\n","protected":false},"excerpt":{"rendered":"<p>PALA NOX VENTUS HYBRID 12K LITE\/26<\/p>\n","protected":false},"featured_media":63600,"template":"","meta":[],"product_brand":[],"product_cat":[353],"product_tag":[33],"class_list":{"0":"post-63598","1":"product","2":"type-product","3":"status-publish","4":"has-post-thumbnail","6":"product_cat-padel_y_tenis_palas","7":"product_tag-nox","8":"pa_color-unico","9":"pa_talla-unica","10":"thunk-woo-product-list","11":"opn-qv-enable","12":"open-woo-hover-","13":"open-single-product-tab-horizontal","14":"open-shadow-","15":"open-shadow-hover-","17":"first","18":"instock","19":"sale","20":"shipping-taxable","21":"purchasable","22":"product-type-variable"},"jetpack_sharing_enabled":true,"_links":{"self":[{"href":"https:\/\/www.deporteseli.com\/index.php?rest_route=\/wp\/v2\/product\/63598","targetHints":{"allow":["GET"]}}],"collection":[{"href":"https:\/\/www.deporteseli.com\/index.php?rest_route=\/wp\/v2\/product"}],"about":[{"href":"https:\/\/www.deporteseli.com\/index.php?rest_route=\/wp\/v2\/types\/product"}],"wp:featuredmedia":[{"embeddable":true,"href":"https:\/\/www.deporteseli.com\/index.php?rest_route=\/wp\/v2\/media\/63600"}],"wp:attachment":[{"href":"https:\/\/www.deporteseli.com\/index.php?rest_route=%2Fwp%2Fv2%2Fmedia&parent=63598"}],"wp:term":[{"taxonomy":"product_brand","embeddable":true,"href":"https:\/\/www.deporteseli.com\/index.php?rest_route=%2Fwp%2Fv2%2Fproduct_brand&post=63598"},{"taxonomy":"product_cat","embeddable":true,"href":"https:\/\/www.deporteseli.com\/index.php?rest_route=%2Fwp%2Fv2%2Fproduct_cat&post=63598"},{"taxonomy":"product_tag","embeddable":true,"href":"https:\/\/www.deporteseli.com\/index.php?rest_route=%2Fwp%2Fv2%2Fproduct_tag&post=63598"}],"curies":[{"name":"wp","href":"https:\/\/api.w.org\/{rel}","templated":true}]}}