{"id":62562,"date":"2026-02-12T09:50:21","date_gmt":"2026-02-12T09:50:21","guid":{"rendered":"https:\/\/www.deporteseli.com\/?product=zapatilla-ultrashot-light-clay-04742102"},"modified":"2026-04-05T04:18:17","modified_gmt":"2026-04-05T04:18:17","slug":"zapatilla-ultrashot-light-clay-04742102","status":"publish","type":"product","link":"https:\/\/www.deporteseli.com\/?product=zapatilla-ultrashot-light-clay-04742102","title":{"rendered":"ZAPATILLA ULTRASHOT LIGHT CLAY 04742102"},"content":{"rendered":"<p>El Ultrashot Light Clay es el modelo m\u00e1s reciente de Ultrashot ligero. Equipado con 180 P.S.C en la entresuela para una mayor estabilidad en pista, el Ultrashot Light tiene una parte superior ligera y transpirable para una sensaci\u00f3n c\u00f3moda en pista. Con entresuela surgelite para una gran amortiguaci\u00f3n en pista, este modelo es un excelente zapato para principiantes.                                                                                                                                                                                                                                                                                                                                                                                                                                                                                                                                                                                                                                                                                                                                                                                                                                                                                                                                                                                                                                        <\/p>\n","protected":false},"excerpt":{"rendered":"<p>ZAPATILLA ULTRASHOT LIGHT CLAY 04742102<\/p>\n","protected":false},"featured_media":62572,"template":"","meta":[],"product_brand":[],"product_cat":[371],"product_tag":[26],"class_list":{"0":"post-62562","1":"product","2":"type-product","3":"status-publish","4":"has-post-thumbnail","6":"product_cat-padel_y_tenis_calzado","7":"product_tag-k-swiss","8":"pa_color-unico","9":"pa_talla-151","10":"pa_talla-41-5","11":"pa_talla-153","12":"pa_talla-42-5","13":"pa_talla-155","14":"pa_talla-157","15":"pa_talla-44-5","16":"pa_talla-159","17":"pa_talla-161","18":"thunk-woo-product-list","19":"opn-qv-enable","20":"open-woo-hover-","21":"open-single-product-tab-horizontal","22":"open-shadow-","23":"open-shadow-hover-","25":"first","26":"instock","27":"sale","28":"shipping-taxable","29":"purchasable","30":"product-type-variable"},"jetpack_sharing_enabled":true,"_links":{"self":[{"href":"https:\/\/www.deporteseli.com\/index.php?rest_route=\/wp\/v2\/product\/62562","targetHints":{"allow":["GET"]}}],"collection":[{"href":"https:\/\/www.deporteseli.com\/index.php?rest_route=\/wp\/v2\/product"}],"about":[{"href":"https:\/\/www.deporteseli.com\/index.php?rest_route=\/wp\/v2\/types\/product"}],"wp:featuredmedia":[{"embeddable":true,"href":"https:\/\/www.deporteseli.com\/index.php?rest_route=\/wp\/v2\/media\/62572"}],"wp:attachment":[{"href":"https:\/\/www.deporteseli.com\/index.php?rest_route=%2Fwp%2Fv2%2Fmedia&parent=62562"}],"wp:term":[{"taxonomy":"product_brand","embeddable":true,"href":"https:\/\/www.deporteseli.com\/index.php?rest_route=%2Fwp%2Fv2%2Fproduct_brand&post=62562"},{"taxonomy":"product_cat","embeddable":true,"href":"https:\/\/www.deporteseli.com\/index.php?rest_route=%2Fwp%2Fv2%2Fproduct_cat&post=62562"},{"taxonomy":"product_tag","embeddable":true,"href":"https:\/\/www.deporteseli.com\/index.php?rest_route=%2Fwp%2Fv2%2Fproduct_tag&post=62562"}],"curies":[{"name":"wp","href":"https:\/\/api.w.org\/{rel}","templated":true}]}}