{"id":62547,"date":"2026-02-12T09:49:37","date_gmt":"2026-02-12T09:49:37","guid":{"rendered":"https:\/\/www.deporteseli.com\/?product=zapatillas-hypercourt-express-3-clay-04604416"},"modified":"2026-02-12T09:49:47","modified_gmt":"2026-02-12T09:49:47","slug":"zapatillas-hypercourt-express-3-clay-04604416","status":"publish","type":"product","link":"https:\/\/www.deporteseli.com\/?product=zapatillas-hypercourt-express-3-clay-04604416","title":{"rendered":"ZAPATILLAS HYPERCOURT EXPRESS 3 CLAY 04604416"},"content":{"rendered":"<p>El Hypercourt Express 3 Clay es la actualizaci\u00f3n del modelo Hypercourt Express 2 Clay m\u00e1s vendido. Con su nueva entresuela Surgelite , esta actualizaci\u00f3n se vuelve a\u00fan m\u00e1s c\u00f3moda y estable, sin necesidad de tiempo de rodaje. Manteniendo su caracter\u00edstica de ser un zapato ligero y transpirable con un ajuste generoso en la parte delantera del pie, el Hypercourt Express 3 Clay es la elecci\u00f3n ideal para diversos estilos y niveles de juego.                                                                                                                                                                                                                                                                                                                                                                                                                                                                                                                                                                                                                                                                                                                                                                                                                                                                                                                                                                                                                                        <\/p>\n","protected":false},"excerpt":{"rendered":"<p>ZAPATILLAS HYPERCOURT EXPRESS 3 CLAY 04604416<\/p>\n","protected":false},"featured_media":62556,"template":"","meta":[],"product_brand":[],"product_cat":[371],"product_tag":[26],"class_list":{"0":"post-62547","1":"product","2":"type-product","3":"status-publish","4":"has-post-thumbnail","6":"product_cat-padel_y_tenis_calzado","7":"product_tag-k-swiss","8":"pa_color-unico","9":"pa_talla-41-5","10":"pa_talla-153","11":"pa_talla-42-5","12":"pa_talla-155","13":"pa_talla-157","14":"pa_talla-44-5","15":"pa_talla-159","16":"pa_talla-161","17":"thunk-woo-product-list","18":"opn-qv-enable","19":"open-woo-hover-","20":"open-single-product-tab-horizontal","21":"open-shadow-","22":"open-shadow-hover-","24":"first","25":"instock","26":"sale","27":"shipping-taxable","28":"purchasable","29":"product-type-variable"},"jetpack_sharing_enabled":true,"_links":{"self":[{"href":"https:\/\/www.deporteseli.com\/index.php?rest_route=\/wp\/v2\/product\/62547","targetHints":{"allow":["GET"]}}],"collection":[{"href":"https:\/\/www.deporteseli.com\/index.php?rest_route=\/wp\/v2\/product"}],"about":[{"href":"https:\/\/www.deporteseli.com\/index.php?rest_route=\/wp\/v2\/types\/product"}],"wp:featuredmedia":[{"embeddable":true,"href":"https:\/\/www.deporteseli.com\/index.php?rest_route=\/wp\/v2\/media\/62556"}],"wp:attachment":[{"href":"https:\/\/www.deporteseli.com\/index.php?rest_route=%2Fwp%2Fv2%2Fmedia&parent=62547"}],"wp:term":[{"taxonomy":"product_brand","embeddable":true,"href":"https:\/\/www.deporteseli.com\/index.php?rest_route=%2Fwp%2Fv2%2Fproduct_brand&post=62547"},{"taxonomy":"product_cat","embeddable":true,"href":"https:\/\/www.deporteseli.com\/index.php?rest_route=%2Fwp%2Fv2%2Fproduct_cat&post=62547"},{"taxonomy":"product_tag","embeddable":true,"href":"https:\/\/www.deporteseli.com\/index.php?rest_route=%2Fwp%2Fv2%2Fproduct_tag&post=62547"}],"curies":[{"name":"wp","href":"https:\/\/api.w.org\/{rel}","templated":true}]}}