{"id":62535,"date":"2026-02-12T09:48:58","date_gmt":"2026-02-12T09:48:58","guid":{"rendered":"https:\/\/www.deporteseli.com\/?product=zapatillas-k-frame-padel-04597074"},"modified":"2026-02-12T09:49:07","modified_gmt":"2026-02-12T09:49:07","slug":"zapatillas-k-frame-padel-04597074","status":"publish","type":"product","link":"https:\/\/www.deporteseli.com\/?product=zapatillas-k-frame-padel-04597074","title":{"rendered":"ZAPATILLAS K-FRAME PADEL 04597074"},"content":{"rendered":"<p>La K-Frame Padel es la zapatilla de innovaci\u00f3n m\u00e1s reciente en la categor\u00eda Padel, dise\u00f1ada por jugadores de Padel para jugadores de Padel. Con una estructura K-Frame en la parte delantera para una estabilidad inigualable y una suela espec\u00edfica para padel, el K-Frame Padel es la opci\u00f3n principal para todos los atletas de padel que buscan ese extra en pista. Equipada con la nueva entresuela Hyper Foam, la K-Frame Padel garantiza comodidad y estabilidad duraderas en pista.                                                                                                                                                                                                                                                                                                                                                                                                                                                                                                                                                                                                                                                                                                                                                                                                                                                                                                                                                                                                                                        <\/p>\n","protected":false},"excerpt":{"rendered":"<p>ZAPATILLAS K-FRAME PADEL 04597074<\/p>\n","protected":false},"featured_media":62542,"template":"","meta":[],"product_brand":[],"product_cat":[371],"product_tag":[26],"class_list":{"0":"post-62535","1":"product","2":"type-product","3":"status-publish","4":"has-post-thumbnail","6":"product_cat-padel_y_tenis_calzado","7":"product_tag-k-swiss","8":"pa_color-unico","9":"pa_talla-41-5","10":"pa_talla-153","11":"pa_talla-42-5","12":"pa_talla-155","13":"pa_talla-157","14":"pa_talla-44-5","15":"thunk-woo-product-list","16":"opn-qv-enable","17":"open-woo-hover-","18":"open-single-product-tab-horizontal","19":"open-shadow-","20":"open-shadow-hover-","22":"first","23":"instock","24":"sale","25":"shipping-taxable","26":"purchasable","27":"product-type-variable"},"jetpack_sharing_enabled":true,"_links":{"self":[{"href":"https:\/\/www.deporteseli.com\/index.php?rest_route=\/wp\/v2\/product\/62535","targetHints":{"allow":["GET"]}}],"collection":[{"href":"https:\/\/www.deporteseli.com\/index.php?rest_route=\/wp\/v2\/product"}],"about":[{"href":"https:\/\/www.deporteseli.com\/index.php?rest_route=\/wp\/v2\/types\/product"}],"wp:featuredmedia":[{"embeddable":true,"href":"https:\/\/www.deporteseli.com\/index.php?rest_route=\/wp\/v2\/media\/62542"}],"wp:attachment":[{"href":"https:\/\/www.deporteseli.com\/index.php?rest_route=%2Fwp%2Fv2%2Fmedia&parent=62535"}],"wp:term":[{"taxonomy":"product_brand","embeddable":true,"href":"https:\/\/www.deporteseli.com\/index.php?rest_route=%2Fwp%2Fv2%2Fproduct_brand&post=62535"},{"taxonomy":"product_cat","embeddable":true,"href":"https:\/\/www.deporteseli.com\/index.php?rest_route=%2Fwp%2Fv2%2Fproduct_cat&post=62535"},{"taxonomy":"product_tag","embeddable":true,"href":"https:\/\/www.deporteseli.com\/index.php?rest_route=%2Fwp%2Fv2%2Fproduct_tag&post=62535"}],"curies":[{"name":"wp","href":"https:\/\/api.w.org\/{rel}","templated":true}]}}