{"id":62519,"date":"2026-02-12T09:48:09","date_gmt":"2026-02-12T09:48:09","guid":{"rendered":"https:\/\/www.deporteseli.com\/?product=zapatillas-court-express-2-clay-04429064"},"modified":"2026-04-05T04:18:15","modified_gmt":"2026-04-05T04:18:15","slug":"zapatillas-court-express-2-clay-04429064","status":"publish","type":"product","link":"https:\/\/www.deporteseli.com\/?product=zapatillas-court-express-2-clay-04429064","title":{"rendered":"ZAPATILLAS COURT EXPRESS 2 CLAY 04429064"},"content":{"rendered":"<p>Construido sobre nuestra plataforma Express m\u00e1s vendida, el nuevo Court Express 2 es la opci\u00f3n perfecta para jugadores en desarrollo. Su cuarto de malla transpirable se combina con una entresuela K-EVA para m\u00e1xima comodidad y soporte. Una suela de goma Aosta 7.0 que no deja marcas con un patr\u00f3n en espiga ofrece una tracci\u00f3n \u00f3ptima y se extiende como protecci\u00f3n contra el arrastre para una mayor durabilidad. Este zapato combina una estructura sensible a la luz con componentes de comodidad mejorados, brind\u00e1ndote la ventaja que necesitas para mejorar tu juego.    Composici\u00f3n 100% polyester  Composicion interior 100% polyester                                                                                                                                                                                                                                                                                                                                                                                                                                                                                                                                                                                                                                                                                                                                                                                                                                                                                                                                                                                                                                        <\/p>\n","protected":false},"excerpt":{"rendered":"<p>ZAPATILLAS COURT EXPRESS 2 CLAY 04429064<\/p>\n","protected":false},"featured_media":62529,"template":"","meta":[],"product_brand":[],"product_cat":[371],"product_tag":[],"class_list":{"0":"post-62519","1":"product","2":"type-product","3":"status-publish","4":"has-post-thumbnail","6":"product_cat-padel_y_tenis_calzado","7":"pa_color-unico","8":"pa_talla-151","9":"pa_talla-41-5","10":"pa_talla-153","11":"pa_talla-42-5","12":"pa_talla-155","13":"pa_talla-157","14":"pa_talla-44-5","15":"pa_talla-159","16":"pa_talla-161","17":"thunk-woo-product-list","18":"opn-qv-enable","19":"open-woo-hover-","20":"open-single-product-tab-horizontal","21":"open-shadow-","22":"open-shadow-hover-","24":"first","25":"instock","26":"sale","27":"shipping-taxable","28":"purchasable","29":"product-type-variable"},"jetpack_sharing_enabled":true,"_links":{"self":[{"href":"https:\/\/www.deporteseli.com\/index.php?rest_route=\/wp\/v2\/product\/62519","targetHints":{"allow":["GET"]}}],"collection":[{"href":"https:\/\/www.deporteseli.com\/index.php?rest_route=\/wp\/v2\/product"}],"about":[{"href":"https:\/\/www.deporteseli.com\/index.php?rest_route=\/wp\/v2\/types\/product"}],"wp:featuredmedia":[{"embeddable":true,"href":"https:\/\/www.deporteseli.com\/index.php?rest_route=\/wp\/v2\/media\/62529"}],"wp:attachment":[{"href":"https:\/\/www.deporteseli.com\/index.php?rest_route=%2Fwp%2Fv2%2Fmedia&parent=62519"}],"wp:term":[{"taxonomy":"product_brand","embeddable":true,"href":"https:\/\/www.deporteseli.com\/index.php?rest_route=%2Fwp%2Fv2%2Fproduct_brand&post=62519"},{"taxonomy":"product_cat","embeddable":true,"href":"https:\/\/www.deporteseli.com\/index.php?rest_route=%2Fwp%2Fv2%2Fproduct_cat&post=62519"},{"taxonomy":"product_tag","embeddable":true,"href":"https:\/\/www.deporteseli.com\/index.php?rest_route=%2Fwp%2Fv2%2Fproduct_tag&post=62519"}],"curies":[{"name":"wp","href":"https:\/\/api.w.org\/{rel}","templated":true}]}}