{"id":62419,"date":"2026-02-10T20:21:08","date_gmt":"2026-02-10T20:21:08","guid":{"rendered":"https:\/\/www.deporteseli.com\/?product=head-sprint-team-4-0-clay"},"modified":"2026-02-10T20:21:15","modified_gmt":"2026-02-10T20:21:15","slug":"head-sprint-team-4-0-clay","status":"publish","type":"product","link":"https:\/\/www.deporteseli.com\/?product=head-sprint-team-4-0-clay","title":{"rendered":"HEAD SPRINT TEAM 4.0 CLAY"},"content":{"rendered":"<p>Disfruta de la comodidad ligera y transpirable con el estilo fresco con las SPRINT TEAM 4.0 CLAY HOMBRES. Fabricadas a partir de materiales modernos, c\u00f3modas y transpirables, estas zapatillas se han actualizado con un nuevo dise\u00f1o que ofrece un estilo m\u00e1s actual e incluye la marca HEAD. en ambos lados de la parte superior.Ideales para jugadores de todos los niveles, las SPRINT TEAM 4.0 CLAY son tan ligeras y c\u00f3modas que tambi\u00e9n querr\u00e1s pon\u00e9rtelas fuera de la pista.    \u00b7 Materiales modernos, c\u00f3modos y transpirables  \u00b7 Confort ligero que puedes disfrutar tanto en la pista como fuera de ella  \u00b7 Dise\u00f1o actualizado con la marca HEAD en ambos lados de la parte superior  Malla transpirable y ligera Materiales de revestimiento c\u00f3modos Protecci\u00f3n de la puntera y la zona media  mediasuela  Perfil bajo Diferencia m\u00ednima entre tal\u00f3n y puntera Ca\u00f1a con torsi\u00f3n  Suela  Pisada profunda en espiga exclusiva para tierra batida.  DEFENSA CONTRA LA DERIVA  Lo \u00faltimo en protecci\u00f3n de la puntera y la zona media  Control lateral  Control lateralControl lateral  CONTROL LATERAL  Impulsor de estabilidad en el lateral de la suela, para evitar torsiones del tobillo.  HyBrasion \u2122  HyBrasion \u2122HyBrasion \u2122  HYBRASION \u2122  Compuesto de caucho especial que ofrece lo mejor en tracci\u00f3n y resistencia.  Correa de bloqueo  Correa de bloqueoCorrea de bloqueo  CORREA DE BLOQUEO  Sujeciones para la zona media del pie integradas para mantener tu pie en su sitio.                                                                                                                                                                                                                                                                                                                                                                                                                                                                                                                                                                                                                                                                                                                                                                                                                                                                                                                                                                                                                                        <\/p>\n","protected":false},"excerpt":{"rendered":"<p>HEAD SPRINT TEAM 4.0 CLAY<\/p>\n","protected":false},"featured_media":62423,"template":"","meta":[],"product_brand":[],"product_cat":[371],"product_tag":[22],"class_list":{"0":"post-62419","1":"product","2":"type-product","3":"status-publish","4":"has-post-thumbnail","6":"product_cat-padel_y_tenis_calzado","7":"product_tag-head","8":"pa_color-unico","9":"pa_talla-151","10":"pa_talla-153","11":"pa_talla-157","12":"thunk-woo-product-list","13":"opn-qv-enable","14":"open-woo-hover-","15":"open-single-product-tab-horizontal","16":"open-shadow-","17":"open-shadow-hover-","19":"first","20":"instock","21":"sale","22":"shipping-taxable","23":"purchasable","24":"product-type-variable"},"jetpack_sharing_enabled":true,"_links":{"self":[{"href":"https:\/\/www.deporteseli.com\/index.php?rest_route=\/wp\/v2\/product\/62419","targetHints":{"allow":["GET"]}}],"collection":[{"href":"https:\/\/www.deporteseli.com\/index.php?rest_route=\/wp\/v2\/product"}],"about":[{"href":"https:\/\/www.deporteseli.com\/index.php?rest_route=\/wp\/v2\/types\/product"}],"wp:featuredmedia":[{"embeddable":true,"href":"https:\/\/www.deporteseli.com\/index.php?rest_route=\/wp\/v2\/media\/62423"}],"wp:attachment":[{"href":"https:\/\/www.deporteseli.com\/index.php?rest_route=%2Fwp%2Fv2%2Fmedia&parent=62419"}],"wp:term":[{"taxonomy":"product_brand","embeddable":true,"href":"https:\/\/www.deporteseli.com\/index.php?rest_route=%2Fwp%2Fv2%2Fproduct_brand&post=62419"},{"taxonomy":"product_cat","embeddable":true,"href":"https:\/\/www.deporteseli.com\/index.php?rest_route=%2Fwp%2Fv2%2Fproduct_cat&post=62419"},{"taxonomy":"product_tag","embeddable":true,"href":"https:\/\/www.deporteseli.com\/index.php?rest_route=%2Fwp%2Fv2%2Fproduct_tag&post=62419"}],"curies":[{"name":"wp","href":"https:\/\/api.w.org\/{rel}","templated":true}]}}