{"id":62404,"date":"2026-02-10T20:19:16","date_gmt":"2026-02-10T20:19:16","guid":{"rendered":"https:\/\/www.deporteseli.com\/?product=conjunto-jhayber-dn23109"},"modified":"2026-03-07T06:52:08","modified_gmt":"2026-03-07T06:52:08","slug":"conjunto-jhayber-dn23109","status":"publish","type":"product","link":"https:\/\/www.deporteseli.com\/?product=conjunto-jhayber-dn23109","title":{"rendered":"CONJUNTO JHAYBER DN23109"},"content":{"rendered":"<p>El conjunto Dream en verde est\u00e1 fabricado en 100% poli\u00e9ster, combinando comodidad y ligereza. Su camiseta sin mangas incorpora un tejido transpirable en la espalda para una mejor ventilaci\u00f3n. Los pantalones, con bolsillos funcionales, cord\u00f3n ajustable y tacto de microfibra suave, proporcionan una sensaci\u00f3n agradable al contacto con la piel y mayor libertad de movimiento. Ideal para que las peques disfruten de sus actividades con total comodidad.                                                                                                                                                                                                                                                                                                                                                                                                                                                                                                                                                                                                                                                                                                                                                                                                                                                                                                                                                                                                                                        <\/p>\n","protected":false},"excerpt":{"rendered":"<p>CONJUNTO JHAYBER DN23109<\/p>\n","protected":false},"featured_media":62410,"template":"","meta":[],"product_brand":[],"product_cat":[367],"product_tag":[],"class_list":{"0":"post-62404","1":"product","2":"type-product","3":"status-publish","4":"has-post-thumbnail","6":"product_cat-padel_y_tenis_textil_conjuntos","7":"pa_color-unico","8":"pa_talla-t-12","9":"pa_talla-t-14","10":"pa_talla-t-16","11":"pa_talla-t-6","12":"pa_talla-t-8","13":"thunk-woo-product-list","14":"opn-qv-enable","15":"open-woo-hover-","16":"open-single-product-tab-horizontal","17":"open-shadow-","18":"open-shadow-hover-","20":"first","21":"instock","22":"shipping-taxable","23":"purchasable","24":"product-type-variable"},"jetpack_sharing_enabled":true,"_links":{"self":[{"href":"https:\/\/www.deporteseli.com\/index.php?rest_route=\/wp\/v2\/product\/62404","targetHints":{"allow":["GET"]}}],"collection":[{"href":"https:\/\/www.deporteseli.com\/index.php?rest_route=\/wp\/v2\/product"}],"about":[{"href":"https:\/\/www.deporteseli.com\/index.php?rest_route=\/wp\/v2\/types\/product"}],"wp:featuredmedia":[{"embeddable":true,"href":"https:\/\/www.deporteseli.com\/index.php?rest_route=\/wp\/v2\/media\/62410"}],"wp:attachment":[{"href":"https:\/\/www.deporteseli.com\/index.php?rest_route=%2Fwp%2Fv2%2Fmedia&parent=62404"}],"wp:term":[{"taxonomy":"product_brand","embeddable":true,"href":"https:\/\/www.deporteseli.com\/index.php?rest_route=%2Fwp%2Fv2%2Fproduct_brand&post=62404"},{"taxonomy":"product_cat","embeddable":true,"href":"https:\/\/www.deporteseli.com\/index.php?rest_route=%2Fwp%2Fv2%2Fproduct_cat&post=62404"},{"taxonomy":"product_tag","embeddable":true,"href":"https:\/\/www.deporteseli.com\/index.php?rest_route=%2Fwp%2Fv2%2Fproduct_tag&post=62404"}],"curies":[{"name":"wp","href":"https:\/\/api.w.org\/{rel}","templated":true}]}}