{"id":62396,"date":"2026-02-10T20:18:25","date_gmt":"2026-02-10T20:18:25","guid":{"rendered":"https:\/\/www.deporteseli.com\/?product=conjunto-jhayber-dn23108"},"modified":"2026-03-07T06:52:02","modified_gmt":"2026-03-07T06:52:02","slug":"conjunto-jhayber-dn23108","status":"publish","type":"product","link":"https:\/\/www.deporteseli.com\/?product=conjunto-jhayber-dn23108","title":{"rendered":"CONJUNTO JHAYBER DN23108"},"content":{"rendered":"<p>El conjunto Fighter en rosa combina comodidad y libertad de movimiento. Su camiseta sin mangas est\u00e1 confeccionada en 100% poli\u00e9ster, con tejido transpirable en la espalda para una mejor ventilaci\u00f3n. El pantal\u00f3n tipo malla, elaborado con 75% poli\u00e9ster y 25% elast\u00e1n, se ajusta perfectamente al cuerpo, proporcionando elasticidad y sujeci\u00f3n. Ideal para acompa\u00f1ar a las peques en sus entrenamientos y actividades deportivas.                                                                                                                                                                                                                                                                                                                                                                                                                                                                                                                                                                                                                                                                                                                                                                                                                                                                                                                                                                                                                                        <\/p>\n","protected":false},"excerpt":{"rendered":"<p>CONJUNTO JHAYBER DN23108<\/p>\n","protected":false},"featured_media":62402,"template":"","meta":[],"product_brand":[],"product_cat":[367],"product_tag":[],"class_list":{"0":"post-62396","1":"product","2":"type-product","3":"status-publish","4":"has-post-thumbnail","6":"product_cat-padel_y_tenis_textil_conjuntos","7":"pa_color-unico","8":"pa_talla-t-10","9":"pa_talla-t-12","10":"pa_talla-t-14","11":"pa_talla-t-16","12":"pa_talla-t-6","13":"thunk-woo-product-list","14":"opn-qv-enable","15":"open-woo-hover-","16":"open-single-product-tab-horizontal","17":"open-shadow-","18":"open-shadow-hover-","20":"first","21":"instock","22":"shipping-taxable","23":"purchasable","24":"product-type-variable"},"jetpack_sharing_enabled":true,"_links":{"self":[{"href":"https:\/\/www.deporteseli.com\/index.php?rest_route=\/wp\/v2\/product\/62396","targetHints":{"allow":["GET"]}}],"collection":[{"href":"https:\/\/www.deporteseli.com\/index.php?rest_route=\/wp\/v2\/product"}],"about":[{"href":"https:\/\/www.deporteseli.com\/index.php?rest_route=\/wp\/v2\/types\/product"}],"wp:featuredmedia":[{"embeddable":true,"href":"https:\/\/www.deporteseli.com\/index.php?rest_route=\/wp\/v2\/media\/62402"}],"wp:attachment":[{"href":"https:\/\/www.deporteseli.com\/index.php?rest_route=%2Fwp%2Fv2%2Fmedia&parent=62396"}],"wp:term":[{"taxonomy":"product_brand","embeddable":true,"href":"https:\/\/www.deporteseli.com\/index.php?rest_route=%2Fwp%2Fv2%2Fproduct_brand&post=62396"},{"taxonomy":"product_cat","embeddable":true,"href":"https:\/\/www.deporteseli.com\/index.php?rest_route=%2Fwp%2Fv2%2Fproduct_cat&post=62396"},{"taxonomy":"product_tag","embeddable":true,"href":"https:\/\/www.deporteseli.com\/index.php?rest_route=%2Fwp%2Fv2%2Fproduct_tag&post=62396"}],"curies":[{"name":"wp","href":"https:\/\/api.w.org\/{rel}","templated":true}]}}