{"id":62373,"date":"2026-02-10T20:15:18","date_gmt":"2026-02-10T20:15:18","guid":{"rendered":"https:\/\/www.deporteseli.com\/?product=conjunto-de-nino-luminix-blanco"},"modified":"2026-03-07T06:51:43","modified_gmt":"2026-03-07T06:51:43","slug":"conjunto-de-nino-luminix-blanco","status":"publish","type":"product","link":"https:\/\/www.deporteseli.com\/?product=conjunto-de-nino-luminix-blanco","title":{"rendered":"CONJUNTO DE NI\u00f1O LUMINIX BLANCO"},"content":{"rendered":"<p>DESCRIPCI\u00d3N  El conjunto Luminix en blanco con detalles en negro est\u00e1 fabricado en 100% poli\u00e9ster, ofreciendo comodidad y frescura. Su camiseta incorpora un tejido transpirable en la espalda, permitiendo mayor ventilaci\u00f3n. Los pantalones, con bolsillos funcionales y cord\u00f3n ajustable, aseguran un ajuste perfecto. Ideal para mantener a los peques c\u00f3modos en sus actividades diarias                                                                                                                                                                                                                                                                                                                                                                                                                                                                                                                                                                                                                                                                                                                                                                                                                                                                                                                                                                                                                                        <\/p>\n","protected":false},"excerpt":{"rendered":"<p>CONJUNTO DE NI\u00f1O LUMINIX BLANCO<\/p>\n","protected":false},"featured_media":62379,"template":"","meta":[],"product_brand":[],"product_cat":[367],"product_tag":[],"class_list":{"0":"post-62373","1":"product","2":"type-product","3":"status-publish","4":"has-post-thumbnail","6":"product_cat-padel_y_tenis_textil_conjuntos","7":"pa_color-unico","8":"pa_talla-t-10","9":"pa_talla-t-14","10":"pa_talla-t-16","11":"pa_talla-t-6","12":"pa_talla-t-8","13":"thunk-woo-product-list","14":"opn-qv-enable","15":"open-woo-hover-","16":"open-single-product-tab-horizontal","17":"open-shadow-","18":"open-shadow-hover-","20":"first","21":"instock","22":"shipping-taxable","23":"purchasable","24":"product-type-variable"},"jetpack_sharing_enabled":true,"_links":{"self":[{"href":"https:\/\/www.deporteseli.com\/index.php?rest_route=\/wp\/v2\/product\/62373","targetHints":{"allow":["GET"]}}],"collection":[{"href":"https:\/\/www.deporteseli.com\/index.php?rest_route=\/wp\/v2\/product"}],"about":[{"href":"https:\/\/www.deporteseli.com\/index.php?rest_route=\/wp\/v2\/types\/product"}],"wp:featuredmedia":[{"embeddable":true,"href":"https:\/\/www.deporteseli.com\/index.php?rest_route=\/wp\/v2\/media\/62379"}],"wp:attachment":[{"href":"https:\/\/www.deporteseli.com\/index.php?rest_route=%2Fwp%2Fv2%2Fmedia&parent=62373"}],"wp:term":[{"taxonomy":"product_brand","embeddable":true,"href":"https:\/\/www.deporteseli.com\/index.php?rest_route=%2Fwp%2Fv2%2Fproduct_brand&post=62373"},{"taxonomy":"product_cat","embeddable":true,"href":"https:\/\/www.deporteseli.com\/index.php?rest_route=%2Fwp%2Fv2%2Fproduct_cat&post=62373"},{"taxonomy":"product_tag","embeddable":true,"href":"https:\/\/www.deporteseli.com\/index.php?rest_route=%2Fwp%2Fv2%2Fproduct_tag&post=62373"}],"curies":[{"name":"wp","href":"https:\/\/api.w.org\/{rel}","templated":true}]}}