{"id":62357,"date":"2026-02-10T20:12:57","date_gmt":"2026-02-10T20:12:57","guid":{"rendered":"https:\/\/www.deporteseli.com\/?product=conjunto-de-nino-diagonal-azul"},"modified":"2026-03-07T06:51:29","modified_gmt":"2026-03-07T06:51:29","slug":"conjunto-de-nino-diagonal-azul","status":"publish","type":"product","link":"https:\/\/www.deporteseli.com\/?product=conjunto-de-nino-diagonal-azul","title":{"rendered":"CONJUNTO DE NI\u00f1O DIAGONAL AZUL"},"content":{"rendered":"<p>DESCRIPCI\u00d3N  El conjunto Diagonal en azul est\u00e1 fabricado en 100% poli\u00e9ster, ofreciendo comodidad y frescura. Su camiseta cuenta con un dise\u00f1o din\u00e1mico con franjas diagonales en contraste, e incorpora un tejido transpirable para mayor ventilaci\u00f3n. Los pantalones, con bolsillos funcionales y cord\u00f3n ajustable, garantizan un ajuste perfecto. Ideal para mantener a los peques c\u00f3modos en sus actividades diarias                                                                                                                                                                                                                                                                                                                                                                                                                                                                                                                                                                                                                                                                                                                                                                                                                                                                                                                                                                                                                                        <\/p>\n","protected":false},"excerpt":{"rendered":"<p>CONJUNTO DE NI\u00f1O DIAGONAL AZUL<\/p>\n","protected":false},"featured_media":62360,"template":"","meta":[],"product_brand":[],"product_cat":[367],"product_tag":[],"class_list":{"0":"post-62357","1":"product","2":"type-product","3":"status-publish","4":"has-post-thumbnail","6":"product_cat-padel_y_tenis_textil_conjuntos","7":"pa_color-unico","8":"pa_talla-t-14","9":"pa_talla-t-16","10":"thunk-woo-product-list","11":"opn-qv-enable","12":"open-woo-hover-","13":"open-single-product-tab-horizontal","14":"open-shadow-","15":"open-shadow-hover-","17":"first","18":"instock","19":"shipping-taxable","20":"purchasable","21":"product-type-variable"},"jetpack_sharing_enabled":true,"_links":{"self":[{"href":"https:\/\/www.deporteseli.com\/index.php?rest_route=\/wp\/v2\/product\/62357","targetHints":{"allow":["GET"]}}],"collection":[{"href":"https:\/\/www.deporteseli.com\/index.php?rest_route=\/wp\/v2\/product"}],"about":[{"href":"https:\/\/www.deporteseli.com\/index.php?rest_route=\/wp\/v2\/types\/product"}],"wp:featuredmedia":[{"embeddable":true,"href":"https:\/\/www.deporteseli.com\/index.php?rest_route=\/wp\/v2\/media\/62360"}],"wp:attachment":[{"href":"https:\/\/www.deporteseli.com\/index.php?rest_route=%2Fwp%2Fv2%2Fmedia&parent=62357"}],"wp:term":[{"taxonomy":"product_brand","embeddable":true,"href":"https:\/\/www.deporteseli.com\/index.php?rest_route=%2Fwp%2Fv2%2Fproduct_brand&post=62357"},{"taxonomy":"product_cat","embeddable":true,"href":"https:\/\/www.deporteseli.com\/index.php?rest_route=%2Fwp%2Fv2%2Fproduct_cat&post=62357"},{"taxonomy":"product_tag","embeddable":true,"href":"https:\/\/www.deporteseli.com\/index.php?rest_route=%2Fwp%2Fv2%2Fproduct_tag&post=62357"}],"curies":[{"name":"wp","href":"https:\/\/api.w.org\/{rel}","templated":true}]}}