{"id":62351,"date":"2026-02-10T20:12:12","date_gmt":"2026-02-10T20:12:12","guid":{"rendered":"https:\/\/www.deporteseli.com\/?product=conjunto-de-nino-cosmic-rojo"},"modified":"2026-03-07T06:51:26","modified_gmt":"2026-03-07T06:51:26","slug":"conjunto-de-nino-cosmic-rojo","status":"publish","type":"product","link":"https:\/\/www.deporteseli.com\/?product=conjunto-de-nino-cosmic-rojo","title":{"rendered":"CONJUNTO DE NI\u00f1O COSMIC ROJO"},"content":{"rendered":"<p>DESCRIPCI\u00d3N  El conjunto Cosmic en rojo est\u00e1 fabricado en 100% poli\u00e9ster, ofreciendo comodidad y frescura. Su camiseta incorpora un tejido transpirable en la espalda, permitiendo mayor ventilaci\u00f3n. Los pantalones, con bolsillos funcionales y cord\u00f3n ajustable, aseguran un ajuste perfecto. Ideal para mantener a los peques c\u00f3modos en sus actividades diarias.                                                                                                                                                                                                                                                                                                                                                                                                                                                                                                                                                                                                                                                                                                                                                                                                                                                                                                                                                                                                                                        <\/p>\n","protected":false},"excerpt":{"rendered":"<p>CONJUNTO DE NI\u00f1O COSMIC ROJO<\/p>\n","protected":false},"featured_media":62355,"template":"","meta":[],"product_brand":[],"product_cat":[367],"product_tag":[],"class_list":{"0":"post-62351","1":"product","2":"type-product","3":"status-publish","4":"has-post-thumbnail","6":"product_cat-padel_y_tenis_textil_conjuntos","7":"pa_color-unico","8":"pa_talla-t-10","9":"pa_talla-t-14","10":"pa_talla-t-8","11":"thunk-woo-product-list","12":"opn-qv-enable","13":"open-woo-hover-","14":"open-single-product-tab-horizontal","15":"open-shadow-","16":"open-shadow-hover-","18":"first","19":"instock","20":"shipping-taxable","21":"purchasable","22":"product-type-variable"},"jetpack_sharing_enabled":true,"_links":{"self":[{"href":"https:\/\/www.deporteseli.com\/index.php?rest_route=\/wp\/v2\/product\/62351","targetHints":{"allow":["GET"]}}],"collection":[{"href":"https:\/\/www.deporteseli.com\/index.php?rest_route=\/wp\/v2\/product"}],"about":[{"href":"https:\/\/www.deporteseli.com\/index.php?rest_route=\/wp\/v2\/types\/product"}],"wp:featuredmedia":[{"embeddable":true,"href":"https:\/\/www.deporteseli.com\/index.php?rest_route=\/wp\/v2\/media\/62355"}],"wp:attachment":[{"href":"https:\/\/www.deporteseli.com\/index.php?rest_route=%2Fwp%2Fv2%2Fmedia&parent=62351"}],"wp:term":[{"taxonomy":"product_brand","embeddable":true,"href":"https:\/\/www.deporteseli.com\/index.php?rest_route=%2Fwp%2Fv2%2Fproduct_brand&post=62351"},{"taxonomy":"product_cat","embeddable":true,"href":"https:\/\/www.deporteseli.com\/index.php?rest_route=%2Fwp%2Fv2%2Fproduct_cat&post=62351"},{"taxonomy":"product_tag","embeddable":true,"href":"https:\/\/www.deporteseli.com\/index.php?rest_route=%2Fwp%2Fv2%2Fproduct_tag&post=62351"}],"curies":[{"name":"wp","href":"https:\/\/api.w.org\/{rel}","templated":true}]}}