{"id":62341,"date":"2026-02-10T20:10:47","date_gmt":"2026-02-10T20:10:47","guid":{"rendered":"https:\/\/www.deporteseli.com\/?product=conjunto-de-nino-adventure-verde"},"modified":"2026-03-07T06:51:18","modified_gmt":"2026-03-07T06:51:18","slug":"conjunto-de-nino-adventure-verde","status":"publish","type":"product","link":"https:\/\/www.deporteseli.com\/?product=conjunto-de-nino-adventure-verde","title":{"rendered":"CONJUNTO DE NI\u00f1O ADVENTURE VERDE"},"content":{"rendered":"<p>DESCRIPCI\u00d3N  El conjunto Adventure en verde est\u00e1 fabricado en 100% poli\u00e9ster, ofreciendo comodidad y frescura. Su camiseta presenta un estampado geom\u00e9trico con l\u00edneas diagonales y efecto de movimiento, e incorpora un tejido transpirable en la espalda para mayor ventilaci\u00f3n. Los pantalones, con bolsillos funcionales y cord\u00f3n ajustable, garantizan un ajuste perfecto. Ideal para mantener a los peques c\u00f3modos en sus actividades diarias.                                                                                                                                                                                                                                                                                                                                                                                                                                                                                                                                                                                                                                                                                                                                                                                                                                                                                                                                                                                                                                        <\/p>\n","protected":false},"excerpt":{"rendered":"<p>CONJUNTO DE NI\u00f1O ADVENTURE VERDE<\/p>\n","protected":false},"featured_media":62343,"template":"","meta":[],"product_brand":[],"product_cat":[367],"product_tag":[],"class_list":{"0":"post-62341","1":"product","2":"type-product","3":"status-publish","4":"has-post-thumbnail","6":"product_cat-padel_y_tenis_textil_conjuntos","7":"pa_color-unico","8":"pa_talla-t-16","9":"thunk-woo-product-list","10":"opn-qv-enable","11":"open-woo-hover-","12":"open-single-product-tab-horizontal","13":"open-shadow-","14":"open-shadow-hover-","16":"first","17":"instock","18":"shipping-taxable","19":"purchasable","20":"product-type-variable"},"jetpack_sharing_enabled":true,"_links":{"self":[{"href":"https:\/\/www.deporteseli.com\/index.php?rest_route=\/wp\/v2\/product\/62341","targetHints":{"allow":["GET"]}}],"collection":[{"href":"https:\/\/www.deporteseli.com\/index.php?rest_route=\/wp\/v2\/product"}],"about":[{"href":"https:\/\/www.deporteseli.com\/index.php?rest_route=\/wp\/v2\/types\/product"}],"wp:featuredmedia":[{"embeddable":true,"href":"https:\/\/www.deporteseli.com\/index.php?rest_route=\/wp\/v2\/media\/62343"}],"wp:attachment":[{"href":"https:\/\/www.deporteseli.com\/index.php?rest_route=%2Fwp%2Fv2%2Fmedia&parent=62341"}],"wp:term":[{"taxonomy":"product_brand","embeddable":true,"href":"https:\/\/www.deporteseli.com\/index.php?rest_route=%2Fwp%2Fv2%2Fproduct_brand&post=62341"},{"taxonomy":"product_cat","embeddable":true,"href":"https:\/\/www.deporteseli.com\/index.php?rest_route=%2Fwp%2Fv2%2Fproduct_cat&post=62341"},{"taxonomy":"product_tag","embeddable":true,"href":"https:\/\/www.deporteseli.com\/index.php?rest_route=%2Fwp%2Fv2%2Fproduct_tag&post=62341"}],"curies":[{"name":"wp","href":"https:\/\/api.w.org\/{rel}","templated":true}]}}