{"id":62331,"date":"2026-02-10T20:09:25","date_gmt":"2026-02-10T20:09:25","guid":{"rendered":"https:\/\/www.deporteseli.com\/?product=conjunto-de-mujer-forest-verde"},"modified":"2026-03-10T05:24:55","modified_gmt":"2026-03-10T05:24:55","slug":"conjunto-de-mujer-forest-verde","status":"publish","type":"product","link":"https:\/\/www.deporteseli.com\/?product=conjunto-de-mujer-forest-verde","title":{"rendered":"CONJUNTO DE MUJER FOREST VERDE"},"content":{"rendered":"<p>DESCRIPCI\u00d3N  El conjunto Forest ofrece comodidad y frescura para entrenamientos y uso diario. Su camiseta sin mangas con tejido transpirable en los laterales mejora la ventilaci\u00f3n y el confort. El pantal\u00f3n funcional cuenta con bolsillos laterales, cintura el\u00e1stica y cord\u00f3n ajustable, proporcionando un ajuste seguro y flexible. Fabricado en 100% poli\u00e9ster, es ligero y resistente, ideal para cualquier actividad deportiva                                                                                                                                                                                                                                                                                                                                                                                                                                                                                                                                                                                                                                                                                                                                                                                                                                                                                                                                                                                                                                        <\/p>\n","protected":false},"excerpt":{"rendered":"<p>CONJUNTO DE MUJER FOREST VERDE<\/p>\n","protected":false},"featured_media":62335,"template":"","meta":[],"product_brand":[],"product_cat":[367],"product_tag":[],"class_list":{"0":"post-62331","1":"product","2":"type-product","3":"status-publish","4":"has-post-thumbnail","6":"product_cat-padel_y_tenis_textil_conjuntos","7":"pa_color-unico","8":"pa_talla-l","9":"pa_talla-xl","10":"pa_talla-xs","11":"thunk-woo-product-list","12":"opn-qv-enable","13":"open-woo-hover-","14":"open-single-product-tab-horizontal","15":"open-shadow-","16":"open-shadow-hover-","18":"first","19":"instock","20":"shipping-taxable","21":"purchasable","22":"product-type-variable"},"jetpack_sharing_enabled":true,"_links":{"self":[{"href":"https:\/\/www.deporteseli.com\/index.php?rest_route=\/wp\/v2\/product\/62331","targetHints":{"allow":["GET"]}}],"collection":[{"href":"https:\/\/www.deporteseli.com\/index.php?rest_route=\/wp\/v2\/product"}],"about":[{"href":"https:\/\/www.deporteseli.com\/index.php?rest_route=\/wp\/v2\/types\/product"}],"wp:featuredmedia":[{"embeddable":true,"href":"https:\/\/www.deporteseli.com\/index.php?rest_route=\/wp\/v2\/media\/62335"}],"wp:attachment":[{"href":"https:\/\/www.deporteseli.com\/index.php?rest_route=%2Fwp%2Fv2%2Fmedia&parent=62331"}],"wp:term":[{"taxonomy":"product_brand","embeddable":true,"href":"https:\/\/www.deporteseli.com\/index.php?rest_route=%2Fwp%2Fv2%2Fproduct_brand&post=62331"},{"taxonomy":"product_cat","embeddable":true,"href":"https:\/\/www.deporteseli.com\/index.php?rest_route=%2Fwp%2Fv2%2Fproduct_cat&post=62331"},{"taxonomy":"product_tag","embeddable":true,"href":"https:\/\/www.deporteseli.com\/index.php?rest_route=%2Fwp%2Fv2%2Fproduct_tag&post=62331"}],"curies":[{"name":"wp","href":"https:\/\/api.w.org\/{rel}","templated":true}]}}