{"id":62314,"date":"2026-02-10T20:07:16","date_gmt":"2026-02-10T20:07:16","guid":{"rendered":"https:\/\/www.deporteseli.com\/?product=conjunto-de-hombre-snake-amarillo"},"modified":"2026-03-07T06:51:03","modified_gmt":"2026-03-07T06:51:03","slug":"conjunto-de-hombre-snake-amarillo","status":"publish","type":"product","link":"https:\/\/www.deporteseli.com\/?product=conjunto-de-hombre-snake-amarillo","title":{"rendered":"CONJUNTO DE HOMBRE SNAKE AMARILLO"},"content":{"rendered":"<p>DESCRIPCI\u00d3N  El conjunto Snake es perfecto para entrenamientos y uso diario. Su camiseta con tejido transpirable en la espalda ayuda a mantenerte seco y c\u00f3modo en todo momento. El pantal\u00f3n funcional cuenta con bolsillos laterales, cintura el\u00e1stica y cord\u00f3n ajustable, proporcionando un ajuste seguro y flexible. Fabricado en 100% poli\u00e9ster, ofrece ligereza y resistencia para cualquier actividad.                                                                                                                                                                                                                                                                                                                                                                                                                                                                                                                                                                                                                                                                                                                                                                                                                                                                                                                                                                                                                                        <\/p>\n","protected":false},"excerpt":{"rendered":"<p>CONJUNTO DE HOMBRE SNAKE AMARILLO<\/p>\n","protected":false},"featured_media":62318,"template":"","meta":[],"product_brand":[],"product_cat":[367],"product_tag":[],"class_list":{"0":"post-62314","1":"product","2":"type-product","3":"status-publish","4":"has-post-thumbnail","6":"product_cat-padel_y_tenis_textil_conjuntos","7":"pa_color-unico","8":"pa_talla-l","9":"pa_talla-s","10":"pa_talla-xxl","11":"thunk-woo-product-list","12":"opn-qv-enable","13":"open-woo-hover-","14":"open-single-product-tab-horizontal","15":"open-shadow-","16":"open-shadow-hover-","18":"first","19":"instock","20":"shipping-taxable","21":"purchasable","22":"product-type-variable"},"jetpack_sharing_enabled":true,"_links":{"self":[{"href":"https:\/\/www.deporteseli.com\/index.php?rest_route=\/wp\/v2\/product\/62314","targetHints":{"allow":["GET"]}}],"collection":[{"href":"https:\/\/www.deporteseli.com\/index.php?rest_route=\/wp\/v2\/product"}],"about":[{"href":"https:\/\/www.deporteseli.com\/index.php?rest_route=\/wp\/v2\/types\/product"}],"wp:featuredmedia":[{"embeddable":true,"href":"https:\/\/www.deporteseli.com\/index.php?rest_route=\/wp\/v2\/media\/62318"}],"wp:attachment":[{"href":"https:\/\/www.deporteseli.com\/index.php?rest_route=%2Fwp%2Fv2%2Fmedia&parent=62314"}],"wp:term":[{"taxonomy":"product_brand","embeddable":true,"href":"https:\/\/www.deporteseli.com\/index.php?rest_route=%2Fwp%2Fv2%2Fproduct_brand&post=62314"},{"taxonomy":"product_cat","embeddable":true,"href":"https:\/\/www.deporteseli.com\/index.php?rest_route=%2Fwp%2Fv2%2Fproduct_cat&post=62314"},{"taxonomy":"product_tag","embeddable":true,"href":"https:\/\/www.deporteseli.com\/index.php?rest_route=%2Fwp%2Fv2%2Fproduct_tag&post=62314"}],"curies":[{"name":"wp","href":"https:\/\/api.w.org\/{rel}","templated":true}]}}