{"id":62310,"date":"2026-02-10T20:06:35","date_gmt":"2026-02-10T20:06:35","guid":{"rendered":"https:\/\/www.deporteseli.com\/?product=conjunto-de-hombre-savanna-gris"},"modified":"2026-03-07T06:50:58","modified_gmt":"2026-03-07T06:50:58","slug":"conjunto-de-hombre-savanna-gris","status":"publish","type":"product","link":"https:\/\/www.deporteseli.com\/?product=conjunto-de-hombre-savanna-gris","title":{"rendered":"CONJUNTO DE HOMBRE SAVANNA GRIS"},"content":{"rendered":"<p>DESCRIPCI\u00d3N  El conjunto Savanna para hombre est\u00e1 confeccionado en 100% poli\u00e9ster, ofreciendo ligereza y comodidad. Su camiseta en gris con estampado geom\u00e9trico y detalles en azul y rojo aporta un dise\u00f1o moderno. El pantal\u00f3n cuenta con bolsillos laterales, cintura el\u00e1stica y cord\u00f3n ajustable para mayor confort. Adem\u00e1s, el tejido transpirable en la espalda mejora la ventilaci\u00f3n, manteni\u00e9ndote fresco en todo momento                                                                                                                                                                                                                                                                                                                                                                                                                                                                                                                                                                                                                                                                                                                                                                                                                                                                                                                                                                                                                                        <\/p>\n","protected":false},"excerpt":{"rendered":"<p>CONJUNTO DE HOMBRE SAVANNA GRIS<\/p>\n","protected":false},"featured_media":62312,"template":"","meta":[],"product_brand":[],"product_cat":[367],"product_tag":[],"class_list":{"0":"post-62310","1":"product","2":"type-product","3":"status-publish","4":"has-post-thumbnail","6":"product_cat-padel_y_tenis_textil_conjuntos","7":"pa_color-unico","8":"pa_talla-xxl","9":"thunk-woo-product-list","10":"opn-qv-enable","11":"open-woo-hover-","12":"open-single-product-tab-horizontal","13":"open-shadow-","14":"open-shadow-hover-","16":"first","17":"instock","18":"shipping-taxable","19":"purchasable","20":"product-type-variable"},"jetpack_sharing_enabled":true,"_links":{"self":[{"href":"https:\/\/www.deporteseli.com\/index.php?rest_route=\/wp\/v2\/product\/62310","targetHints":{"allow":["GET"]}}],"collection":[{"href":"https:\/\/www.deporteseli.com\/index.php?rest_route=\/wp\/v2\/product"}],"about":[{"href":"https:\/\/www.deporteseli.com\/index.php?rest_route=\/wp\/v2\/types\/product"}],"wp:featuredmedia":[{"embeddable":true,"href":"https:\/\/www.deporteseli.com\/index.php?rest_route=\/wp\/v2\/media\/62312"}],"wp:attachment":[{"href":"https:\/\/www.deporteseli.com\/index.php?rest_route=%2Fwp%2Fv2%2Fmedia&parent=62310"}],"wp:term":[{"taxonomy":"product_brand","embeddable":true,"href":"https:\/\/www.deporteseli.com\/index.php?rest_route=%2Fwp%2Fv2%2Fproduct_brand&post=62310"},{"taxonomy":"product_cat","embeddable":true,"href":"https:\/\/www.deporteseli.com\/index.php?rest_route=%2Fwp%2Fv2%2Fproduct_cat&post=62310"},{"taxonomy":"product_tag","embeddable":true,"href":"https:\/\/www.deporteseli.com\/index.php?rest_route=%2Fwp%2Fv2%2Fproduct_tag&post=62310"}],"curies":[{"name":"wp","href":"https:\/\/api.w.org\/{rel}","templated":true}]}}