{"id":62294,"date":"2026-02-10T20:04:26","date_gmt":"2026-02-10T20:04:26","guid":{"rendered":"https:\/\/www.deporteseli.com\/?product=conjunto-de-hombre-jungle-negro"},"modified":"2026-03-10T05:24:52","modified_gmt":"2026-03-10T05:24:52","slug":"conjunto-de-hombre-jungle-negro","status":"publish","type":"product","link":"https:\/\/www.deporteseli.com\/?product=conjunto-de-hombre-jungle-negro","title":{"rendered":"CONJUNTO DE HOMBRE JUNGLE NEGRO"},"content":{"rendered":"<p>DESCRIPCI\u00d3N  El conjunto Jungle es ideal para entrenamientos y uso diario. Su camiseta con estampado en tonos azul y tejido transpirable en la espalda garantiza frescura y comodidad durante la actividad. El pantal\u00f3n funcional cuenta con bolsillos laterales, cintura el\u00e1stica y cord\u00f3n ajustable, asegurando un ajuste c\u00f3modo y seguro. Fabricado en 100% poli\u00e9ster, es ligero y resistente, perfecto para moverte con libertad                                                                                                                                                                                                                                                                                                                                                                                                                                                                                                                                                                                                                                                                                                                                                                                                                                                                                                                                                                                                                                        <\/p>\n","protected":false},"excerpt":{"rendered":"<p>CONJUNTO DE HOMBRE JUNGLE NEGRO<\/p>\n","protected":false},"featured_media":62297,"template":"","meta":[],"product_brand":[],"product_cat":[367],"product_tag":[],"class_list":{"0":"post-62294","1":"product","2":"type-product","3":"status-publish","4":"has-post-thumbnail","6":"product_cat-padel_y_tenis_textil_conjuntos","7":"pa_color-unico","8":"pa_talla-l","9":"pa_talla-xxl","10":"thunk-woo-product-list","11":"opn-qv-enable","12":"open-woo-hover-","13":"open-single-product-tab-horizontal","14":"open-shadow-","15":"open-shadow-hover-","17":"first","18":"instock","19":"shipping-taxable","20":"purchasable","21":"product-type-variable"},"jetpack_sharing_enabled":true,"_links":{"self":[{"href":"https:\/\/www.deporteseli.com\/index.php?rest_route=\/wp\/v2\/product\/62294","targetHints":{"allow":["GET"]}}],"collection":[{"href":"https:\/\/www.deporteseli.com\/index.php?rest_route=\/wp\/v2\/product"}],"about":[{"href":"https:\/\/www.deporteseli.com\/index.php?rest_route=\/wp\/v2\/types\/product"}],"wp:featuredmedia":[{"embeddable":true,"href":"https:\/\/www.deporteseli.com\/index.php?rest_route=\/wp\/v2\/media\/62297"}],"wp:attachment":[{"href":"https:\/\/www.deporteseli.com\/index.php?rest_route=%2Fwp%2Fv2%2Fmedia&parent=62294"}],"wp:term":[{"taxonomy":"product_brand","embeddable":true,"href":"https:\/\/www.deporteseli.com\/index.php?rest_route=%2Fwp%2Fv2%2Fproduct_brand&post=62294"},{"taxonomy":"product_cat","embeddable":true,"href":"https:\/\/www.deporteseli.com\/index.php?rest_route=%2Fwp%2Fv2%2Fproduct_cat&post=62294"},{"taxonomy":"product_tag","embeddable":true,"href":"https:\/\/www.deporteseli.com\/index.php?rest_route=%2Fwp%2Fv2%2Fproduct_tag&post=62294"}],"curies":[{"name":"wp","href":"https:\/\/api.w.org\/{rel}","templated":true}]}}