{"id":62279,"date":"2026-02-10T20:01:54","date_gmt":"2026-02-10T20:01:54","guid":{"rendered":"https:\/\/www.deporteseli.com\/?product=conjunto-de-hombre-half-diamon-azul"},"modified":"2026-03-11T05:19:43","modified_gmt":"2026-03-11T05:19:43","slug":"conjunto-de-hombre-half-diamon-azul","status":"publish","type":"product","link":"https:\/\/www.deporteseli.com\/?product=conjunto-de-hombre-half-diamon-azul","title":{"rendered":"CONJUNTO DE HOMBRE HALF DIAMON AZUL"},"content":{"rendered":"<p>DESCRIPCI\u00d3N  Dise\u00f1ado para el m\u00e1ximo confort, el conjunto Half Diamon combina una camiseta transpirable con un pantal\u00f3n funcional. La parte trasera de la camiseta incorpora tejido transpirable, ideal para mantenerte seco durante el ejercicio. El pantal\u00f3n incluye bolsillos laterales, cintura el\u00e1stica y cord\u00f3n ajustable para un ajuste perfecto. Confeccionado en 100% poli\u00e9ster, es ligero y resistente, ideal para entrenamientos y uso diario                                                                                                                                                                                                                                                                                                                                                                                                                                                                                                                                                                                                                                                                                                                                                                                                                                                                                                                                                                                                                                        <\/p>\n","protected":false},"excerpt":{"rendered":"<p>CONJUNTO DE HOMBRE HALF DIAMON AZUL<\/p>\n","protected":false},"featured_media":62281,"template":"","meta":[],"product_brand":[],"product_cat":[367],"product_tag":[],"class_list":{"0":"post-62279","1":"product","2":"type-product","3":"status-publish","4":"has-post-thumbnail","6":"product_cat-padel_y_tenis_textil_conjuntos","7":"pa_color-unico","8":"pa_talla-l","9":"thunk-woo-product-list","10":"opn-qv-enable","11":"open-woo-hover-","12":"open-single-product-tab-horizontal","13":"open-shadow-","14":"open-shadow-hover-","16":"first","17":"instock","18":"shipping-taxable","19":"purchasable","20":"product-type-variable"},"jetpack_sharing_enabled":true,"_links":{"self":[{"href":"https:\/\/www.deporteseli.com\/index.php?rest_route=\/wp\/v2\/product\/62279","targetHints":{"allow":["GET"]}}],"collection":[{"href":"https:\/\/www.deporteseli.com\/index.php?rest_route=\/wp\/v2\/product"}],"about":[{"href":"https:\/\/www.deporteseli.com\/index.php?rest_route=\/wp\/v2\/types\/product"}],"wp:featuredmedia":[{"embeddable":true,"href":"https:\/\/www.deporteseli.com\/index.php?rest_route=\/wp\/v2\/media\/62281"}],"wp:attachment":[{"href":"https:\/\/www.deporteseli.com\/index.php?rest_route=%2Fwp%2Fv2%2Fmedia&parent=62279"}],"wp:term":[{"taxonomy":"product_brand","embeddable":true,"href":"https:\/\/www.deporteseli.com\/index.php?rest_route=%2Fwp%2Fv2%2Fproduct_brand&post=62279"},{"taxonomy":"product_cat","embeddable":true,"href":"https:\/\/www.deporteseli.com\/index.php?rest_route=%2Fwp%2Fv2%2Fproduct_cat&post=62279"},{"taxonomy":"product_tag","embeddable":true,"href":"https:\/\/www.deporteseli.com\/index.php?rest_route=%2Fwp%2Fv2%2Fproduct_tag&post=62279"}],"curies":[{"name":"wp","href":"https:\/\/api.w.org\/{rel}","templated":true}]}}