{"id":62229,"date":"2026-02-10T19:55:52","date_gmt":"2026-02-10T19:55:52","guid":{"rendered":"https:\/\/www.deporteseli.com\/?product=camisa-nike-da1019-010-21"},"modified":"2026-02-10T19:55:56","modified_gmt":"2026-02-10T19:55:56","slug":"camisa-nike-da1019-010-21","status":"publish","type":"product","link":"https:\/\/www.deporteseli.com\/?product=camisa-nike-da1019-010-21","title":{"rendered":"CAMISA NIKE DA1019-010\/21"},"content":{"rendered":"<p>El pantal\u00f3n corto Nike Dri-FIT Sprinter es la opci\u00f3n perfecta para salir a correr o a jugar. El cord\u00f3n se puede atar para un ajuste m\u00e1s ce\u00f1ido. El tejido capilariza el sudor para mantener la transpirabilidad. \u00bfQui\u00e9n est\u00e1 lista? Este producto est\u00e1 fabricado al 100 % con fibras de poli\u00e9ster reciclado.    Color mostrado: Negro\/Blanco\/Blanco  Modelo: DA1019-010                                                                                                                                                                                                                                                                                                                                                                                                                                                                                                                                                                                                                                                                                                                                                                                                                                                                                                                                                                                                                                        <\/p>\n","protected":false},"excerpt":{"rendered":"<p>CAMISA NIKE DA1019-010\/21<\/p>\n","protected":false},"featured_media":62232,"template":"","meta":[],"product_brand":[],"product_cat":[382],"product_tag":[37],"class_list":{"0":"post-62229","1":"product","2":"type-product","3":"status-publish","4":"has-post-thumbnail","6":"product_cat-ninas_textil_shorts","7":"product_tag-nike","8":"pa_color-unico","9":"pa_talla-l","10":"pa_talla-m","11":"thunk-woo-product-list","12":"opn-qv-enable","13":"open-woo-hover-","14":"open-single-product-tab-horizontal","15":"open-shadow-","16":"open-shadow-hover-","18":"first","19":"instock","20":"shipping-taxable","21":"purchasable","22":"product-type-variable"},"jetpack_sharing_enabled":true,"_links":{"self":[{"href":"https:\/\/www.deporteseli.com\/index.php?rest_route=\/wp\/v2\/product\/62229","targetHints":{"allow":["GET"]}}],"collection":[{"href":"https:\/\/www.deporteseli.com\/index.php?rest_route=\/wp\/v2\/product"}],"about":[{"href":"https:\/\/www.deporteseli.com\/index.php?rest_route=\/wp\/v2\/types\/product"}],"wp:featuredmedia":[{"embeddable":true,"href":"https:\/\/www.deporteseli.com\/index.php?rest_route=\/wp\/v2\/media\/62232"}],"wp:attachment":[{"href":"https:\/\/www.deporteseli.com\/index.php?rest_route=%2Fwp%2Fv2%2Fmedia&parent=62229"}],"wp:term":[{"taxonomy":"product_brand","embeddable":true,"href":"https:\/\/www.deporteseli.com\/index.php?rest_route=%2Fwp%2Fv2%2Fproduct_brand&post=62229"},{"taxonomy":"product_cat","embeddable":true,"href":"https:\/\/www.deporteseli.com\/index.php?rest_route=%2Fwp%2Fv2%2Fproduct_cat&post=62229"},{"taxonomy":"product_tag","embeddable":true,"href":"https:\/\/www.deporteseli.com\/index.php?rest_route=%2Fwp%2Fv2%2Fproduct_tag&post=62229"}],"curies":[{"name":"wp","href":"https:\/\/api.w.org\/{rel}","templated":true}]}}